{"id":3205,"date":"2026-01-20T08:02:51","date_gmt":"2026-01-20T11:02:51","guid":{"rendered":"https:\/\/clementineparis.net\/?post_type=product&#038;p=3205"},"modified":"2026-03-09T14:38:27","modified_gmt":"2026-03-09T17:38:27","slug":"15-06-a-18-06-coolhunting-en-paris-copia","status":"publish","type":"product","link":"https:\/\/clementineparis.net\/fr\/produto\/15-06-a-18-06-coolhunting-en-paris-copia\/","title":{"rendered":"02\/11 a 05\/11 | Coolhunting en Paris"},"content":{"rendered":"<div id=\"comp-m4irsvr5\">\n<div data-mesh-id=\"comp-m4irsvr5inlineContent\" data-testid=\"inline-content\">\n<div data-mesh-id=\"comp-m4irsvr5inlineContent-gridContainer\" data-testid=\"mesh-container-content\">\n<h3>Programme &#8211; Paris<br \/>\n02\/11\/26 &#8211; 05\/11\/26<\/h3>\n<div data-mesh-id=\"comp-m4irsvr85inlineContent\" data-testid=\"inline-content\">\n<div data-mesh-id=\"comp-m4irsvr85inlineContent-gridContainer\" data-testid=\"mesh-container-content\">\n<h3>JOUR 01<\/h3>\n<h5><span class=\"OYPEnA font-feature-liga-off font-feature-clig-off font-feature-calt-off text-decoration-none text-strikethrough-none\">TH\u00c9ORIES DO COOLHUNTING &#8211; <em>9h \u00e0s 17h<\/em><\/span><\/h5>\n<div id=\"comp-m4irsvr94\" data-testid=\"richTextElement\">\n<p class=\"cvGsUA direction-ltr align-start para-style-body\">La premi\u00e8re journ\u00e9e de notre cours sera consacr\u00e9e aux aspects th\u00e9oriques de la m\u00e9thodologie de la pr\u00e9vision des tendances et au r\u00f4le du \u00ab\u00a0chasseur de tendances\u00a0\u00bb.<\/p>\n<p class=\"cvGsUA direction-ltr align-start para-style-body\"><span class=\"OYPEnA font-feature-liga-off font-feature-clig-off font-feature-calt-off text-decoration-none text-strikethrough-none\">MODULE 1: TH\u00c9ORIE DU COOLHUNTING:<\/span><\/p>\n<ul>\n<li><span class=\"OYPEnA font-feature-liga-off font-feature-clig-off font-feature-calt-off text-decoration-none text-strikethrough-none\">Concepts de base<\/span><\/li>\n<li><span class=\"OYPEnA font-feature-liga-off font-feature-clig-off font-feature-calt-off text-decoration-none text-strikethrough-none\">Cycle de vie du produitCiclo de vida de um produto<\/span><\/li>\n<li><span class=\"OYPEnA font-feature-liga-off font-feature-clig-off font-feature-calt-off text-decoration-none text-strikethrough-none\">Le monde des tendances : termes et types de tendances.<\/span><\/li>\n<li><span class=\"OYPEnA font-feature-liga-off font-feature-clig-off font-feature-calt-off text-decoration-none text-strikethrough-none\">Th\u00e9ories : Adoption et distribution des tendances<\/span><\/li>\n<\/ul>\n<p class=\"cvGsUA direction-ltr align-start para-style-body\"><span class=\"OYPEnA font-feature-liga-off font-feature-clig-off font-feature-calt-off text-decoration-none text-strikethrough-none\">MODULE 2: COOL HUNTER<\/span><\/p>\n<ul>\n<li><span class=\"OYPEnA font-feature-liga-off font-feature-clig-off font-feature-calt-off text-decoration-none text-strikethrough-none\">Origine et caract\u00e9ristiques distinctives de la profession<\/span><\/li>\n<li><span class=\"OYPEnA font-feature-liga-off font-feature-clig-off font-feature-calt-off text-decoration-none text-strikethrough-none\">Outils de recherche<br \/><\/span><\/li>\n<li><span class=\"OYPEnA font-feature-liga-off font-feature-clig-off font-feature-calt-off text-decoration-none text-strikethrough-none\">Sources de recherche<\/span><\/li>\n<\/ul>\n<h3>JOUR 02<\/h3>\n<\/div>\n<\/div>\n<\/div>\n<div data-mesh-id=\"comp-m4irsvr912inlineContent\" data-testid=\"inline-content\">\n<div data-mesh-id=\"comp-m4irsvr912inlineContent-gridContainer\" data-testid=\"mesh-container-content\">\n<h5>HISTOIRE DE LA MODE \u2013 9h \u00c0 17h<\/h5>\n<div id=\"comp-m4irsvr94\" data-testid=\"richTextElement\">\n<p>La deuxi\u00e8me journ\u00e9e de notre formation sera consacr\u00e9e \u00e0 l&rsquo;histoire de la mode.<\/p>\n<p>Pour commencer, nous allons faire un bond dans le temps et nous retrouver \u00e0 l&rsquo;\u00e9poque de Louis XIV, roi de France, afin d&rsquo;expliquer les mesures strat\u00e9giques mises en \u0153uvre \u00e0 ce moment-l\u00e0 et qui ont eu un impact sur la r\u00e9putation de la France sur la sc\u00e8ne mondiale de la mode.<\/p>\n<p>Ensuite, nous passons en revue chaque d\u00e9cennie, de 1900 \u00e0 2020, en soulignant les principaux \u00e9v\u00e9nements historiques de chaque d\u00e9cennie et leur impact sur les silhouettes, en pr\u00e9sentant quelques noms importants de l&rsquo;histoire de la mode.<\/p>\n<\/div>\n<\/div>\n<\/div>\n<h3>JOUR 03<\/h3>\n<h5>WORKSHOP DE MOODBOARD + CAHIER DE TENDANCES <span class=\"OYPEnA font-feature-liga-off font-feature-clig-off font-feature-calt-off text-decoration-none text-strikethrough-none\">&#8211; <em>9h \u00e0s 17h<\/em><\/span><\/h5>\n<p data-path-to-node=\"2\">Le 3\u1d49 jour du cours intensif de coolhunting sera structur\u00e9 en deux temps :<\/p>\n<p data-path-to-node=\"3\"><strong>Workshop de Moodboard<\/strong><\/p>\n<p data-path-to-node=\"4\">Un moodboard (ou panneau d\u2019inspiration) est une composition visuelle de r\u00e9f\u00e9rences \u2014 images, couleurs, textures, typographies, mots-cl\u00e9s \u2014 destin\u00e9e \u00e0 transmettre l\u2019ambiance, le style et l\u2019orientation esth\u00e9tique d\u2019un projet. Largement utilis\u00e9 dans les processus cr\u00e9atifs, cet atelier a pour objectif d\u2019offrir aux participants une exp\u00e9rience pratique de la derni\u00e8re \u00e9tape de construction d\u2019un cahier de tendances. <\/p>\n<p data-path-to-node=\"5\"><strong>CadernoCahier de Tendances de Tend\u00eancias<\/strong><\/p>\n<p data-path-to-node=\"6\">Analyse d\u00e9taill\u00e9e de la conception, de la structuration et de la pr\u00e9sentation d\u2019un cahier de tendances r\u00e9alis\u00e9 par Cl\u00e9mentine Paris.<\/p>\n<h3>JOUR 04<\/h3>\n<h5><span class=\"OYPEnA font-feature-liga-off font-feature-clig-off font-feature-calt-off text-decoration-none text-strikethrough-none\">COOLHUNTING EN PRATIQUE <\/span><span class=\"OYPEnA font-feature-liga-off font-feature-clig-off font-feature-calt-off text-decoration-none text-strikethrough-none\">&#8211; <em>9h \u00e0s 17h<\/em><\/span><\/h5>\n<\/div>\n<\/div>\n<\/div>\n<div data-mesh-id=\"comp-m4irsvr611inlineContent\" data-testid=\"inline-content\">\n<div data-mesh-id=\"comp-m4irsvr611inlineContent-gridContainer\" data-testid=\"mesh-container-content\">\n<div id=\"comp-m4irsvr712\" data-testid=\"richTextElement\">\n<p data-path-to-node=\"8\">Le 4\u1d49 jour du cours sera enti\u00e8rement consacr\u00e9 aux pratiques de terrain du coolhunting :<\/p>\n<ul data-path-to-node=\"9\">\n<li>\n<p data-path-to-node=\"9,0,0\"><b data-path-to-node=\"9,0,0\" data-index-in-node=\"0\">PR\u00c1TICA DE PEOPLE WATCHING<\/b>: Technique consistant \u00e0 observer les personnes dans l\u2019espace urbain afin d\u2019identifier l\u2019\u00e9mergence de nouvelles tendances.<\/p>\n<\/li>\n<li>\n<p data-path-to-node=\"9,1,0\">IDENTIFICATION DU ZEITGEIST: Visite d\u2019un mus\u00e9e ou d\u2019une exposition pour analyser et capter \u00ab\u00a0l\u2019esprit du temps\u00a0\u00bb.<\/p>\n<\/li>\n<li>\n<p data-path-to-node=\"9,2,0\">RECHERCHE DE TENDANCES DANS LES CONCEPT STORES: Les concept stores constituent des \u00e9tapes incontournables dans tout travail de recherche prospective sur les tendances.<\/p>\n<\/li>\n<\/ul>\n<p class=\"cvGsUA direction-ltr align-start para-style-body\">\n<\/div>\n<\/div>\n<\/div>\n<h3>Ce Prix Comprend :<\/h3>\n<ul>\n<li>\n<p data-path-to-node=\"11,0,0\">Certificat de participation \u00e0 la formation.<\/p>\n<\/li>\n<li>\n<p data-path-to-node=\"11,0,0\">4 jours de programme \u2013 formation de 9h \u00e0 17h avec les formatrices Giovana Cornacchia et Gianni Cornacchia<\/p>\n<\/li>\n<li>\n<p data-path-to-node=\"11,2,0\">Acc\u00e8s \u00e0 tous les \u00e9v\u00e9nements s\u00e9lectionn\u00e9s pendant la semaine de formation sur le march\u00e9 de luxe.<\/p>\n<\/li>\n<li>\n<p data-path-to-node=\"11,3,0\">Acc\u00e8s aux expositions d&rsquo;art et de mode organis\u00e9es pendant la formation.<\/p>\n<\/li>\n<li>\n<p data-path-to-node=\"11,4,0\">Traduction du Anglais vers le Fran\u00e7ais si besoin<\/p>\n<\/li>\n<li>\n<p data-path-to-node=\"11,5,0\">Transport d\u2019une activit\u00e9 \u00e0 l\u2019autre pendant toute la dur\u00e9e de la formation.<\/p>\n<\/li>\n<\/ul>\n<h3>Ce Qui N&rsquo;est PAS Inclus Dans Ce Prix :<\/h3>\n<ul>\n<li><span class=\"OYPEnA font-feature-liga-off font-feature-clig-off font-feature-calt-off text-decoration-none text-strikethrough-none\">Billet d&rsquo;avion<\/span><\/li>\n<li><span class=\"OYPEnA font-feature-liga-off font-feature-clig-off font-feature-calt-off text-decoration-none text-strikethrough-none\">H\u00e9bergement<\/span><\/li>\n<li><span class=\"OYPEnA font-feature-liga-off font-feature-clig-off font-feature-calt-off text-decoration-none text-strikethrough-none\">Repas<\/span><\/li>\n<li><span class=\"OYPEnA font-feature-liga-off font-feature-clig-off font-feature-calt-off text-decoration-none text-strikethrough-none\">Les options de transport ne sont pas incluses dans le programme de la formation.<\/span><\/li>\n<li><span class=\"OYPEnA font-feature-liga-off font-feature-clig-off font-feature-calt-off text-decoration-none text-strikethrough-none\">Achats personnels<\/span><\/li>\n<li><span class=\"OYPEnA font-feature-liga-off font-feature-clig-off font-feature-calt-off text-decoration-none text-strikethrough-none\">Billets pour des \u00e9v\u00e9nements\/expositions en dehors de notre programme.<\/span><\/li>\n<\/ul>\n<h3><\/h3>\n<h3>Cela Vous Int\u00e9resse ?<\/h3>\n<p>Contactez notre \u00e9quipe !<\/p>\n<p><span class=\"OYPEnA font-feature-liga-off font-feature-clig-off font-feature-calt-off text-decoration-none text-strikethrough-none\">+33 6 24 82 16 31 (WhatsApp)<\/span><\/p>\n<p>info@clementineparis.net<\/p>\n<p>&nbsp;<\/p>\n","protected":false},"excerpt":{"rendered":"<p class=\"cvGsUA direction-ltr align-start para-style-body\">La formation de Pr\u00e9vision de Tendances \u00e0 Paris est une immersion pratique au c\u0153ur du principal laboratoire cr\u00e9atif du monde, o\u00f9 les participants apprennent \u00e0 identifier, analyser et traduire les signaux de tendance directement \u00e0 partir du contexte culturel et urbain parisien.<\/p>\n<p class=\"cvGsUA direction-ltr align-start para-style-body\"><span class=\"OYPEnA font-feature-liga-off font-feature-clig-off font-feature-calt-off text-decoration-none text-strikethrough-none\">Et oui \u2014 les cours seront dispens\u00e9s en portugais !  <\/span><span class=\"OYPEnA font-feature-liga-off font-feature-clig-off font-feature-calt-off text-decoration-none text-strikethrough-none\">Une opportunit\u00e9 unique<\/span><\/p>\n","protected":false},"featured_media":3202,"comment_status":"open","ping_status":"closed","template":"","meta":[],"product_brand":[21],"product_cat":[76,65,66],"product_tag":[67,68,69,70,71],"class_list":{"0":"post-3205","1":"product","2":"type-product","3":"status-publish","4":"has-post-thumbnail","6":"product_brand-cursos","7":"product_cat-accent","8":"product_cat-formation","9":"product_cat-paris","10":"product_tag-coolhunter","11":"product_tag-coolhunting","12":"product_tag-paris","13":"product_tag-paris-fashion-week","14":"product_tag-prevision-des-tendances","16":"first","17":"instock","18":"featured","19":"virtual","20":"purchasable","21":"product-type-subscription"},"_links":{"self":[{"href":"https:\/\/clementineparis.net\/fr\/wp-json\/wp\/v2\/product\/3205","targetHints":{"allow":["GET"]}}],"collection":[{"href":"https:\/\/clementineparis.net\/fr\/wp-json\/wp\/v2\/product"}],"about":[{"href":"https:\/\/clementineparis.net\/fr\/wp-json\/wp\/v2\/types\/product"}],"replies":[{"embeddable":true,"href":"https:\/\/clementineparis.net\/fr\/wp-json\/wp\/v2\/comments?post=3205"}],"wp:featuredmedia":[{"embeddable":true,"href":"https:\/\/clementineparis.net\/fr\/wp-json\/wp\/v2\/media\/3202"}],"wp:attachment":[{"href":"https:\/\/clementineparis.net\/fr\/wp-json\/wp\/v2\/media?parent=3205"}],"wp:term":[{"taxonomy":"product_brand","embeddable":true,"href":"https:\/\/clementineparis.net\/fr\/wp-json\/wp\/v2\/product_brand?post=3205"},{"taxonomy":"product_cat","embeddable":true,"href":"https:\/\/clementineparis.net\/fr\/wp-json\/wp\/v2\/product_cat?post=3205"},{"taxonomy":"product_tag","embeddable":true,"href":"https:\/\/clementineparis.net\/fr\/wp-json\/wp\/v2\/product_tag?post=3205"}],"curies":[{"name":"wp","href":"https:\/\/api.w.org\/{rel}","templated":true}]}}