{"id":3169,"date":"2026-01-27T07:17:00","date_gmt":"2026-01-27T10:17:00","guid":{"rendered":"https:\/\/clementineparis.net\/?post_type=product&#038;p=3169"},"modified":"2026-02-11T10:52:19","modified_gmt":"2026-02-11T13:52:19","slug":"du-30-mars-au-2-avril-marche-du-luxe-mode-art-et-style-de-vie-copia","status":"publish","type":"product","link":"https:\/\/clementineparis.net\/fr\/produto\/du-30-mars-au-2-avril-marche-du-luxe-mode-art-et-style-de-vie-copia\/","title":{"rendered":"18\/05 a 21\/05 | March\u00e9 du luxe: Mode, L&rsquo;Art  et Lifestyle"},"content":{"rendered":"<div id=\"comp-m4irsvr5\">\n<div data-mesh-id=\"comp-m4irsvr5inlineContent\" data-testid=\"inline-content\">\n<div data-mesh-id=\"comp-m4irsvr5inlineContent-gridContainer\" data-testid=\"mesh-container-content\">\n<h3>Programme &#8211; Paris<br \/>\n18\/05\/26 &#8211; 21\/05\/26<\/h3>\n<div data-mesh-id=\"comp-m4irsvr85inlineContent\" data-testid=\"inline-content\">\n<div data-mesh-id=\"comp-m4irsvr85inlineContent-gridContainer\" data-testid=\"mesh-container-content\">\n<h3>JOUR 01<\/h3>\n<h5><span class=\"OYPEnA font-feature-liga-off font-feature-clig-off font-feature-calt-off text-decoration-none text-strikethrough-none\">QU\u2019EST-CE QUE LE MARCH\u00c9 DU LUXE ?<\/span><\/h5>\n<div id=\"comp-m4irsvr94\" data-testid=\"richTextElement\">\n<p class=\"cvGsUA direction-ltr align-start para-style-body\">La premi\u00e8re journ\u00e9e du cours est consacr\u00e9e aux fondements th\u00e9oriques du march\u00e9 du luxe et \u00e0 ses concepts cl\u00e9s.<\/p>\n<p><strong>MATIN : <\/strong>TH\u00c9ORIE<\/p>\n<p class=\"cvGsUA direction-ltr align-start para-style-body\"><span class=\"OYPEnA font-feature-liga-off font-feature-clig-off font-feature-calt-off text-decoration-none text-strikethrough-none\">CHAPITRE 1 : LE MARCH\u00c9 DU LUXE<\/span><\/p>\n<ul>\n<li>\n<p data-path-to-node=\"1,0,0\">Qu\u2019est-ce que le march\u00e9 du luxe<\/p>\n<\/li>\n<li>\n<p data-path-to-node=\"1,1,0\">Caract\u00e9ristiques distinctives<\/p>\n<\/li>\n<li>\n<p data-path-to-node=\"1,2,0\">\u00c9volution historique<\/p>\n<\/li>\n<li>\n<p data-path-to-node=\"1,3,0\">Typologies du luxe<\/p>\n<\/li>\n<li>\n<p data-path-to-node=\"1,4,0\">Paradoxe du luxe<\/p>\n<\/li>\n<li>\n<p data-path-to-node=\"1,5,0\">Principaux secteurs du luxe<\/p>\n<\/li>\n<li>\n<p data-path-to-node=\"1,6,0\">Produits et services de luxe<\/p>\n<\/li>\n<li>\n<p data-path-to-node=\"1,7,0\">Les marques de luxe<\/p>\n<\/li>\n<li>\n<p data-path-to-node=\"1,8,0\">O\u00f9 le luxe est-il pr\u00e9sent<\/p>\n<\/li>\n<li>\n<p data-path-to-node=\"1,9,0\">Les groupes du luxe<\/p>\n<\/li>\n<\/ul>\n<p class=\"cvGsUA direction-ltr align-start para-style-body\"><span class=\"OYPEnA font-feature-liga-off font-feature-clig-off font-feature-calt-off text-decoration-none text-strikethrough-none\">APR\u00c8S-MIDI : EXP\u00c9RIENCE PRATIQUE<\/span><\/p>\n<\/div>\n<\/div>\n<\/div>\n<div data-mesh-id=\"comp-m4irsvr912inlineContent\" data-testid=\"inline-content\">\n<div data-mesh-id=\"comp-m4irsvr912inlineContent-gridContainer\" data-testid=\"mesh-container-content\"><\/div>\n<\/div>\n<\/div>\n<\/div>\n<\/div>\n<div id=\"comp-m4irsvrb1\">\n<h3>JOUR 02<\/h3>\n<h5><span class=\"OYPEnA font-feature-liga-off font-feature-clig-off font-feature-calt-off text-decoration-none text-strikethrough-none\">LES CONSOMMATEURS ET LE MARKETING DU LUXE<\/span><\/h5>\n<div id=\"comp-m4irsvr94\" data-testid=\"richTextElement\">\n<p class=\"cvGsUA direction-ltr align-start para-style-body\">La deuxi\u00e8me journ\u00e9e propose une immersion dans les cibles, les profils de consommateurs et le marketing du luxe.<\/p>\n<p><strong>MATIN : <\/strong>TH\u00c9ORIE<\/p>\n<p class=\"cvGsUA direction-ltr align-start para-style-body\"><span class=\"OYPEnA font-feature-liga-off font-feature-clig-off font-feature-calt-off text-decoration-none text-strikethrough-none\">CHAPITRE 2 : QUI SONT LES CONSOMMATEURS DU LUXE ?<\/span><\/p>\n<ul>\n<li>Cibles<\/li>\n<li>Profils des consommateurs du luxe<\/li>\n<li>\u00c9volution des habitudes<\/li>\n<li>Les jeunes g\u00e9n\u00e9rations<\/li>\n<\/ul>\n<p class=\"cvGsUA direction-ltr align-start para-style-body\"><span class=\"OYPEnA font-feature-liga-off font-feature-clig-off font-feature-calt-off text-decoration-none text-strikethrough-none\">CHAPITRE 3 : LE MARKETING DU LUXE<\/span><\/p>\n<ul>\n<li>Construction de la marque<\/li>\n<li>Sp\u00e9cificit\u00e9s du marketing du luxe<\/li>\n<li>Strat\u00e9gie<\/li>\n<li>R\u00f4le des r\u00e9seaux sociaux et du marketing digital<\/li>\n<li>Les 4 E du marketing du luxe<\/li>\n<\/ul>\n<p class=\"cvGsUA direction-ltr align-start para-style-body\"><span class=\"OYPEnA font-feature-liga-off font-feature-clig-off font-feature-calt-off text-decoration-none text-strikethrough-none\">APR\u00c8S-MIDI : EXP\u00c9RIENCE PRATIQUE<\/span><\/p>\n<h3>JOUR 03<\/h3>\n<h5><span class=\"OYPEnA font-feature-liga-off font-feature-clig-off font-feature-calt-off text-decoration-none text-strikethrough-none\">DESIGN DE SERVICE DU LUXE ET VISUAL MERCHANDISING<\/span><\/h5>\n<div id=\"comp-m4irsvr94\" data-testid=\"richTextElement\">\n<p class=\"cvGsUA direction-ltr align-start para-style-body\">La troisi\u00e8me journ\u00e9e est d\u00e9di\u00e9e au design de service du luxe, \u00e0 son langage et aux principes du visual merchandising.<\/p>\n<p><strong>MATIN : <\/strong>TH\u00c9ORIE<\/p>\n<p class=\"cvGsUA direction-ltr align-start para-style-body\"><span class=\"OYPEnA font-feature-liga-off font-feature-clig-off font-feature-calt-off text-decoration-none text-strikethrough-none\">CHAPITRE 4 : DESIGN DE SERVICE ET LANGAGE<\/span><\/p>\n<ul>\n<li>Qu\u2019est-ce que le design de service du luxe?<\/li>\n<li>Les 3 piliers<\/li>\n<li>Quel langage adopter dans l\u2019univers du luxe ?<\/li>\n<li>Le langage en pratique<\/li>\n<\/ul>\n<p class=\"cvGsUA direction-ltr align-start para-style-body\"><span class=\"OYPEnA font-feature-liga-off font-feature-clig-off font-feature-calt-off text-decoration-none text-strikethrough-none\">CHAPITRE 5 : VISUAL MERCHANDISING<\/span><\/p>\n<ul>\n<li>Les principes<\/li>\n<li>Les objectifs<\/li>\n<li>Les techniques : \u00e9clairage, textures et d\u00e9coration<\/li>\n<\/ul>\n<p class=\"cvGsUA direction-ltr align-start para-style-body\"><span class=\"OYPEnA font-feature-liga-off font-feature-clig-off font-feature-calt-off text-decoration-none text-strikethrough-none\">APR\u00c8S-MIDI : EXP\u00c9RIENCE PRATIQUE<\/span><\/p>\n<h3>JOUR 04<\/h3>\n<h5><span class=\"OYPEnA font-feature-liga-off font-feature-clig-off font-feature-calt-off text-decoration-none text-strikethrough-none\">LUXE, MODE, ART ET DESIGN : UN M\u00caME UNIVERS<\/span><\/h5>\n<div id=\"comp-m4irsvr94\" data-testid=\"richTextElement\">\n<p class=\"cvGsUA direction-ltr align-start para-style-body\">La quatri\u00e8me et derni\u00e8re journ\u00e9e analyse les interactions entre le luxe, la mode, l\u2019art et le design.<\/p>\n<p><strong>MATIN : <\/strong>TH\u00c9ORIE<\/p>\n<p class=\"cvGsUA direction-ltr align-start para-style-body\"><span class=\"OYPEnA font-feature-liga-off font-feature-clig-off font-feature-calt-off text-decoration-none text-strikethrough-none\">CAP\u00cdTULO 6: ARTE, LURE ET EMOTION<\/span><\/p>\n<ul>\n<li>L\u2019art comme source d\u2019inspiration<\/li>\n<li>Connexions et diff\u00e9rences entre mode et art<\/li>\n<li>Strat\u00e9gies marketing : art et luxe<\/li>\n<li>Art et \u00e9motion<\/li>\n<li>Inspirations et collaborations<\/li>\n<\/ul>\n<p class=\"cvGsUA direction-ltr align-start para-style-body\"><span class=\"OYPEnA font-feature-liga-off font-feature-clig-off font-feature-calt-off text-decoration-none text-strikethrough-none\">CHAPITRE 7 : MODE ET DESIGN DE LUXE<\/span><\/p>\n<ul>\n<li>Pourquoi les maisons de luxe investissent-elles le design d\u2019int\u00e9rieur et le mobilier ?<\/li>\n<\/ul>\n<p class=\"cvGsUA direction-ltr align-start para-style-body\"><span class=\"OYPEnA font-feature-liga-off font-feature-clig-off font-feature-calt-off text-decoration-none text-strikethrough-none\">APR\u00c8S-MIDI : EXP\u00c9RIENCE PRATIQUE<\/span><\/p>\n<\/div>\n<\/div>\n<\/div>\n<\/div>\n<h3>Ce Prix Comprend :<\/h3>\n<ul>\n<li>\n<p data-path-to-node=\"11,0,0\">Certificat de participation \u00e0 la formation.<\/p>\n<\/li>\n<li>\n<p data-path-to-node=\"11,0,0\">4 jours de programme \u2013 formation de 9h \u00e0 17h avec les formatrices Giovana Cornacchia et Gianni Cornacchia<\/p>\n<\/li>\n<li>\n<p data-path-to-node=\"11,2,0\">Acc\u00e8s \u00e0 tous les \u00e9v\u00e9nements s\u00e9lectionn\u00e9s pendant la semaine de la formation.<\/p>\n<\/li>\n<li>\n<p data-path-to-node=\"11,3,0\">Acc\u00e8s aux expositions d&rsquo;art et de mode organis\u00e9es pendant la formation.<\/p>\n<\/li>\n<li>\n<p data-path-to-node=\"11,4,0\">Traduction du Anglais vers le Fran\u00e7ais si besoin<\/p>\n<\/li>\n<li>\n<p data-path-to-node=\"11,5,0\">Transport d\u2019une activit\u00e9 \u00e0 l\u2019autre pendant toute la dur\u00e9e de la formation.<\/p>\n<\/li>\n<\/ul>\n<h3>Ce Qui N&rsquo;est PAS Inclus Dans Ce Prix :<\/h3>\n<ul>\n<li><span class=\"OYPEnA font-feature-liga-off font-feature-clig-off font-feature-calt-off text-decoration-none text-strikethrough-none\">Billet d&rsquo;avion<\/span><\/li>\n<li><span class=\"OYPEnA font-feature-liga-off font-feature-clig-off font-feature-calt-off text-decoration-none text-strikethrough-none\">H\u00e9bergement<\/span><\/li>\n<li><span class=\"OYPEnA font-feature-liga-off font-feature-clig-off font-feature-calt-off text-decoration-none text-strikethrough-none\">Repas<\/span><\/li>\n<li><span class=\"OYPEnA font-feature-liga-off font-feature-clig-off font-feature-calt-off text-decoration-none text-strikethrough-none\">Les options de transport ne sont pas incluses dans le programme de la formation.<\/span><\/li>\n<li><span class=\"OYPEnA font-feature-liga-off font-feature-clig-off font-feature-calt-off text-decoration-none text-strikethrough-none\">Achats personnels<\/span><\/li>\n<li><span class=\"OYPEnA font-feature-liga-off font-feature-clig-off font-feature-calt-off text-decoration-none text-strikethrough-none\">Billets pour des \u00e9v\u00e9nements\/expositions en dehors de notre programme.<\/span><\/li>\n<\/ul>\n<h3>Cela Vous Int\u00e9resse ?<\/h3>\n<p>Contactez notre \u00e9quipe !<\/p>\n<p><span class=\"OYPEnA font-feature-liga-off font-feature-clig-off font-feature-calt-off text-decoration-none text-strikethrough-none\">+33 6 24 82 16 31 (WhatsApp)<\/span><\/p>\n<p>info@clementineparis.net<\/p>\n<p>&nbsp;<\/p>\n","protected":false},"excerpt":{"rendered":"<p>Tout le monde parle de luxe, mais peu en comprennent r\u00e9ellement le sens. Rejoignez la minorit\u00e9 qui ma\u00eetrise v\u00e9ritablement le sujet et d\u00e9marquez-vous dans votre domaine. Ne manquez pas cette opportunit\u00e9 de transformer votre avenir.<\/p>\n<p class=\"font_2 wixui-rich-text__text\"><span class=\"color_11 wixui-rich-text__text\"><span class=\"wixui-rich-text__text\">4 jours de formation \u00e0 Paris, enti\u00e8rement en Portugais, avec des cours th\u00e9oriques et pratiques anim\u00e9s par des professionnels reconnus, pour apprendre et vivre de l\u2019int\u00e9rieur cet univers aussi fascinant.<\/span><\/span><\/p>\n","protected":false},"featured_media":3161,"comment_status":"open","ping_status":"closed","template":"","meta":[],"product_brand":[21],"product_cat":[76,65,66],"product_tag":[72,73,69],"class_list":{"0":"post-3169","1":"product","2":"type-product","3":"status-publish","4":"has-post-thumbnail","6":"product_brand-cursos","7":"product_cat-accent","8":"product_cat-formation","9":"product_cat-paris","10":"product_tag-luxe","11":"product_tag-marcche-du-luxe","12":"product_tag-paris","14":"first","15":"instock","16":"featured","17":"virtual","18":"purchasable","19":"product-type-subscription"},"_links":{"self":[{"href":"https:\/\/clementineparis.net\/fr\/wp-json\/wp\/v2\/product\/3169","targetHints":{"allow":["GET"]}}],"collection":[{"href":"https:\/\/clementineparis.net\/fr\/wp-json\/wp\/v2\/product"}],"about":[{"href":"https:\/\/clementineparis.net\/fr\/wp-json\/wp\/v2\/types\/product"}],"replies":[{"embeddable":true,"href":"https:\/\/clementineparis.net\/fr\/wp-json\/wp\/v2\/comments?post=3169"}],"wp:featuredmedia":[{"embeddable":true,"href":"https:\/\/clementineparis.net\/fr\/wp-json\/wp\/v2\/media\/3161"}],"wp:attachment":[{"href":"https:\/\/clementineparis.net\/fr\/wp-json\/wp\/v2\/media?parent=3169"}],"wp:term":[{"taxonomy":"product_brand","embeddable":true,"href":"https:\/\/clementineparis.net\/fr\/wp-json\/wp\/v2\/product_brand?post=3169"},{"taxonomy":"product_cat","embeddable":true,"href":"https:\/\/clementineparis.net\/fr\/wp-json\/wp\/v2\/product_cat?post=3169"},{"taxonomy":"product_tag","embeddable":true,"href":"https:\/\/clementineparis.net\/fr\/wp-json\/wp\/v2\/product_tag?post=3169"}],"curies":[{"name":"wp","href":"https:\/\/api.w.org\/{rel}","templated":true}]}}