{"id":3128,"date":"2026-01-21T05:03:37","date_gmt":"2026-01-21T08:03:37","guid":{"rendered":"https:\/\/clementineparis.net\/?post_type=product&#038;p=3128"},"modified":"2026-02-11T11:01:34","modified_gmt":"2026-02-11T14:01:34","slug":"02-03-a-05-03-coolhunting-pendant-la-paris-fashion-week-copia-3","status":"publish","type":"product","link":"https:\/\/clementineparis.net\/fr\/produto\/02-03-a-05-03-coolhunting-pendant-la-paris-fashion-week-copia-3\/","title":{"rendered":"28\/09 a 01\/10 | Coolhunting pendant la Paris Fashion Week"},"content":{"rendered":"<div id=\"comp-m4irsvr5\">\n<div data-mesh-id=\"comp-m4irsvr5inlineContent\" data-testid=\"inline-content\">\n<div data-mesh-id=\"comp-m4irsvr5inlineContent-gridContainer\" data-testid=\"mesh-container-content\">\n<h3>Programme &#8211; Paris<br \/>\n28\/09\/26 &#8211; 01\/10\/26<\/h3>\n<p><span class=\"OYPEnA font-feature-liga-off font-feature-clig-off font-feature-calt-off text-decoration-none text-strikethrough-none\">Le Cours de Coolhunting pendant la Paris Fashion Week (PFW) est un programme exceptionnel, car il se d\u00e9roule pendant la semaine de mode la plus importante au monde : la Paris Fashion Week. La programmation de la semaine est con\u00e7ue pour valoriser pleinement ce moment cl\u00e9 de la mode, avec 2 jours de contenu th\u00e9orique et 2 jours de pratique de terrain, incluant la participation \u00e0 des \u00e9v\u00e9nements et aux abords des d\u00e9fil\u00e9s de la Fashion Week.<\/span><\/p>\n<p>Remarque : Cette programmation est donn\u00e9e \u00e0 titre indicatif. Le planning d\u00e9finitif sera communiqu\u00e9 aux participants inscrits avant le d\u00e9but du cours.<\/p>\n<div data-mesh-id=\"comp-m4irsvr85inlineContent\" data-testid=\"inline-content\">\n<div data-mesh-id=\"comp-m4irsvr85inlineContent-gridContainer\" data-testid=\"mesh-container-content\">\n<h3>JOUR 01<\/h3>\n<h5><span class=\"OYPEnA font-feature-liga-off font-feature-clig-off font-feature-calt-off text-decoration-none text-strikethrough-none\">TH\u00c9ORIES DO COOLHUNTING &#8211; <em>9h \u00e0s 17h<\/em><\/span><\/h5>\n<div id=\"comp-m4irsvr94\" data-testid=\"richTextElement\">\n<p class=\"cvGsUA direction-ltr align-start para-style-body\">La premi\u00e8re journ\u00e9e de notre cours sera consacr\u00e9e aux aspects th\u00e9oriques de la m\u00e9thodologie de la pr\u00e9vision des tendances et au r\u00f4le du \u00ab\u00a0chasseur de tendances\u00a0\u00bb.<\/p>\n<p class=\"cvGsUA direction-ltr align-start para-style-body\"><span class=\"OYPEnA font-feature-liga-off font-feature-clig-off font-feature-calt-off text-decoration-none text-strikethrough-none\">MODULE 1: TH\u00c9ORIE DU COOLHUNTING:<\/span><\/p>\n<ul>\n<li><span class=\"OYPEnA font-feature-liga-off font-feature-clig-off font-feature-calt-off text-decoration-none text-strikethrough-none\">Concepts de base<\/span><\/li>\n<li><span class=\"OYPEnA font-feature-liga-off font-feature-clig-off font-feature-calt-off text-decoration-none text-strikethrough-none\">Cycle de vie du produitCiclo de vida de um produto<\/span><\/li>\n<li><span class=\"OYPEnA font-feature-liga-off font-feature-clig-off font-feature-calt-off text-decoration-none text-strikethrough-none\">Le monde des tendances : termes et types de tendances.<\/span><\/li>\n<li><span class=\"OYPEnA font-feature-liga-off font-feature-clig-off font-feature-calt-off text-decoration-none text-strikethrough-none\">Th\u00e9ories : Adoption et distribution des tendances<\/span><\/li>\n<\/ul>\n<p class=\"cvGsUA direction-ltr align-start para-style-body\"><span class=\"OYPEnA font-feature-liga-off font-feature-clig-off font-feature-calt-off text-decoration-none text-strikethrough-none\">MODULE 2: COOL HUNTER<\/span><\/p>\n<ul>\n<li><span class=\"OYPEnA font-feature-liga-off font-feature-clig-off font-feature-calt-off text-decoration-none text-strikethrough-none\">Origine et caract\u00e9ristiques distinctives de la profession<\/span><\/li>\n<li><span class=\"OYPEnA font-feature-liga-off font-feature-clig-off font-feature-calt-off text-decoration-none text-strikethrough-none\">Outils de recherche<br \/>\n<\/span><\/li>\n<li><span class=\"OYPEnA font-feature-liga-off font-feature-clig-off font-feature-calt-off text-decoration-none text-strikethrough-none\">Sources de recherche<\/span><\/li>\n<\/ul>\n<h3>JOUR 02<\/h3>\n<\/div>\n<\/div>\n<\/div>\n<div data-mesh-id=\"comp-m4irsvr912inlineContent\" data-testid=\"inline-content\">\n<div data-mesh-id=\"comp-m4irsvr912inlineContent-gridContainer\" data-testid=\"mesh-container-content\">\n<h5>HISTOIRE DE LA MODE \u2013 9h \u00c0 17h<\/h5>\n<div id=\"comp-m4irsvr94\" data-testid=\"richTextElement\">\n<p>La deuxi\u00e8me journ\u00e9e de notre formation sera consacr\u00e9e \u00e0 l&rsquo;histoire de la mode.<\/p>\n<p>Pour commencer, nous allons faire un bond dans le temps et nous retrouver \u00e0 l&rsquo;\u00e9poque de Louis XIV, roi de France, afin d&rsquo;expliquer les mesures strat\u00e9giques mises en \u0153uvre \u00e0 ce moment-l\u00e0 et qui ont eu un impact sur la r\u00e9putation de la France sur la sc\u00e8ne mondiale de la mode.<\/p>\n<p>Ensuite, nous passons en revue chaque d\u00e9cennie, de 1900 \u00e0 2020, en soulignant les principaux \u00e9v\u00e9nements historiques de chaque d\u00e9cennie et leur impact sur les silhouettes, en pr\u00e9sentant quelques noms importants de l&rsquo;histoire de la mode.<\/p>\n<\/div>\n<\/div>\n<\/div>\n<h3>JOUR 03<\/h3>\n<h5><span class=\"OYPEnA font-feature-liga-off font-feature-clig-off font-feature-calt-off text-decoration-none text-strikethrough-none\">COOLHUNTING EN PRATIQUE <\/span><span class=\"OYPEnA font-feature-liga-off font-feature-clig-off font-feature-calt-off text-decoration-none text-strikethrough-none\">&#8211; <em>9h \u00e0s 17h<\/em><\/span><\/h5>\n<p data-path-to-node=\"8\">Le 3e jour du cours sera consacr\u00e9 aux pratiques de terrain du coolhunting, en privil\u00e9giant les \u00e9v\u00e9nements de la Paris Fashion Week.<\/p>\n<ul data-path-to-node=\"9\">\n<li>\n<p data-path-to-node=\"9,0,0\"><b data-path-to-node=\"9,0,0\" data-index-in-node=\"0\">PR\u00c1TICA DE PEOPLE WATCHING<\/b>: Technique consistant \u00e0 observer les personnes dans l\u2019espace urbain afin d\u2019identifier l\u2019\u00e9mergence de nouvelles tendances.<\/p>\n<\/li>\n<li>\n<p data-path-to-node=\"9,1,0\">IDENTIFICATION DU ZEITGEIST: Visite d\u2019un mus\u00e9e ou d\u2019une exposition pour analyser et capter \u00ab\u00a0l\u2019esprit du temps\u00a0\u00bb.<\/p>\n<\/li>\n<li>\n<p data-path-to-node=\"9,2,0\">RECHERCHE DE TENDANCES DANS LES CONCEPT STORES: Les concept stores constituent des \u00e9tapes incontournables dans tout travail de recherche prospective sur les tendances.<\/p>\n<\/li>\n<li>\n<p data-path-to-node=\"9,3,0\"><b data-path-to-node=\"9,3,0\" data-index-in-node=\"0\">PARTICIPATION \u00c0 DES \u00c9V\u00c9NEMENTS \/ AUX ABORDS DES D\u00c9FIL\u00c9S LORS DE LA PARIS FASHION WEEK<\/b><\/p>\n<\/li>\n<\/ul>\n<h3><\/h3>\n<h3>JOUR 04<\/h3>\n<h5><span class=\"OYPEnA font-feature-liga-off font-feature-clig-off font-feature-calt-off text-decoration-none text-strikethrough-none\">COOLHUNTING EN PRATIQUE <\/span><span class=\"OYPEnA font-feature-liga-off font-feature-clig-off font-feature-calt-off text-decoration-none text-strikethrough-none\">&#8211; <em>9h \u00e0s 17h<\/em><\/span><\/h5>\n<\/div>\n<\/div>\n<\/div>\n<div data-mesh-id=\"comp-m4irsvr611inlineContent\" data-testid=\"inline-content\">\n<div data-mesh-id=\"comp-m4irsvr611inlineContent-gridContainer\" data-testid=\"mesh-container-content\">\n<div id=\"comp-m4irsvr712\" data-testid=\"richTextElement\">\n<p data-path-to-node=\"8\">Le 4\u1d49 jour du cours sera \u00e9galement consacr\u00e9 aux pratiques de terrain du coolhunting, en privil\u00e9giant les \u00e9v\u00e9nements de la Paris Fashion Week.<\/p>\n<ul data-path-to-node=\"9\">\n<li>\n<p data-path-to-node=\"9,0,0\"><b data-path-to-node=\"9,0,0\" data-index-in-node=\"0\">PR\u00c1TICA DE PEOPLE WATCHING<\/b>: Technique consistant \u00e0 observer les personnes dans l\u2019espace urbain afin d\u2019identifier l\u2019\u00e9mergence de nouvelles tendances.<\/p>\n<\/li>\n<li>\n<p data-path-to-node=\"9,1,0\">IDENTIFICATION DU ZEITGEIST: Visite d\u2019un mus\u00e9e ou d\u2019une exposition pour analyser et capter \u00ab\u00a0l\u2019esprit du temps\u00a0\u00bb.<\/p>\n<\/li>\n<li>\n<p data-path-to-node=\"9,2,0\">RECHERCHE DE TENDANCES DANS LES CONCEPT STORES: Les concept stores constituent des \u00e9tapes incontournables dans tout travail de recherche prospective sur les tendances.<\/p>\n<\/li>\n<li>\n<p data-path-to-node=\"9,3,0\"><b data-path-to-node=\"9,3,0\" data-index-in-node=\"0\">PARTICIPATION \u00c0 DES \u00c9V\u00c9NEMENTS \/ AUX ABORDS DES D\u00c9FIL\u00c9S LORS DE LA PARIS FASHION WEEK<\/b><\/p>\n<\/li>\n<\/ul>\n<p class=\"cvGsUA direction-ltr align-start para-style-body\">\n<\/div>\n<\/div>\n<\/div>\n<h3>Ce Prix Comprend :<\/h3>\n<ul>\n<li>\n<p data-path-to-node=\"11,0,0\">Certificat de participation \u00e0 la formation.<\/p>\n<\/li>\n<li>\n<p data-path-to-node=\"11,0,0\">4 jours de programme \u2013 formation de 9h \u00e0 17h avec les formatrices Giovana Cornacchia et Gianni Cornacchia<\/p>\n<\/li>\n<li>\n<p data-path-to-node=\"11,2,0\">Acc\u00e8s \u00e0 tous les \u00e9v\u00e9nements s\u00e9lectionn\u00e9s pendant la semaine de formation sur le march\u00e9 de luxe.<\/p>\n<\/li>\n<li>\n<p data-path-to-node=\"11,3,0\">Acc\u00e8s aux expositions d&rsquo;art et de mode organis\u00e9es pendant la formation.<\/p>\n<\/li>\n<li>\n<p data-path-to-node=\"11,4,0\">Traduction du Anglais vers le Fran\u00e7ais si besoin<\/p>\n<\/li>\n<li>\n<p data-path-to-node=\"11,5,0\">Transport d\u2019une activit\u00e9 \u00e0 l\u2019autre pendant toute la dur\u00e9e de la formation.<\/p>\n<\/li>\n<\/ul>\n<h3>Ce Qui N&rsquo;est PAS Inclus Dans Ce Prix :<\/h3>\n<ul>\n<li><span class=\"OYPEnA font-feature-liga-off font-feature-clig-off font-feature-calt-off text-decoration-none text-strikethrough-none\">Billet d&rsquo;avion<\/span><\/li>\n<li><span class=\"OYPEnA font-feature-liga-off font-feature-clig-off font-feature-calt-off text-decoration-none text-strikethrough-none\">H\u00e9bergement<\/span><\/li>\n<li><span class=\"OYPEnA font-feature-liga-off font-feature-clig-off font-feature-calt-off text-decoration-none text-strikethrough-none\">Repas<\/span><\/li>\n<li><span class=\"OYPEnA font-feature-liga-off font-feature-clig-off font-feature-calt-off text-decoration-none text-strikethrough-none\">Les options de transport ne sont pas incluses dans le programme de la formation.<\/span><\/li>\n<li><span class=\"OYPEnA font-feature-liga-off font-feature-clig-off font-feature-calt-off text-decoration-none text-strikethrough-none\">Achats personnels<\/span><\/li>\n<li><span class=\"OYPEnA font-feature-liga-off font-feature-clig-off font-feature-calt-off text-decoration-none text-strikethrough-none\">Billets pour des \u00e9v\u00e9nements\/expositions en dehors de notre programme.<\/span><\/li>\n<\/ul>\n<h3><\/h3>\n<h3>Cela Vous Int\u00e9resse ?<\/h3>\n<p>Contactez notre \u00e9quipe !<\/p>\n<p><span class=\"OYPEnA font-feature-liga-off font-feature-clig-off font-feature-calt-off text-decoration-none text-strikethrough-none\">+33 6 24 82 16 31 (WhatsApp)<\/span><\/p>\n<p>info@clementineparis.net<\/p>\n<p>&nbsp;<\/p>\n","protected":false},"excerpt":{"rendered":"<p class=\"cvGsUA direction-ltr align-start para-style-body\"><span class=\"OYPEnA font-feature-liga-off font-feature-clig-off font-feature-calt-off text-decoration-none text-strikethrough-none\">Le Cours de Coolhunting pendant la Paris Fashion Week (PFW) est un programme exceptionnel, car il se d\u00e9roule pendant la semaine de mode la plus importante au monde : la Paris Fashion Week.<\/span><\/p>\n<p class=\"cvGsUA direction-ltr align-start para-style-body\"><span class=\"OYPEnA font-feature-liga-off font-feature-clig-off font-feature-calt-off text-decoration-none text-strikethrough-none\">Et oui \u2014 les cours seront dispens\u00e9s en portugais ! <\/span><span class=\"OYPEnA font-feature-liga-off font-feature-clig-off font-feature-calt-off text-decoration-none text-strikethrough-none\">Une opportunit\u00e9 unique<\/span><\/p>\n","protected":false},"featured_media":3133,"comment_status":"open","ping_status":"closed","template":"","meta":[],"product_brand":[21],"product_cat":[76,65,66],"product_tag":[67,68,69,70,71],"class_list":{"0":"post-3128","1":"product","2":"type-product","3":"status-publish","4":"has-post-thumbnail","6":"product_brand-cursos","7":"product_cat-accent","8":"product_cat-formation","9":"product_cat-paris","10":"product_tag-coolhunter","11":"product_tag-coolhunting","12":"product_tag-paris","13":"product_tag-paris-fashion-week","14":"product_tag-prevision-des-tendances","16":"first","17":"instock","18":"featured","19":"virtual","20":"purchasable","21":"product-type-subscription"},"_links":{"self":[{"href":"https:\/\/clementineparis.net\/fr\/wp-json\/wp\/v2\/product\/3128","targetHints":{"allow":["GET"]}}],"collection":[{"href":"https:\/\/clementineparis.net\/fr\/wp-json\/wp\/v2\/product"}],"about":[{"href":"https:\/\/clementineparis.net\/fr\/wp-json\/wp\/v2\/types\/product"}],"replies":[{"embeddable":true,"href":"https:\/\/clementineparis.net\/fr\/wp-json\/wp\/v2\/comments?post=3128"}],"wp:featuredmedia":[{"embeddable":true,"href":"https:\/\/clementineparis.net\/fr\/wp-json\/wp\/v2\/media\/3133"}],"wp:attachment":[{"href":"https:\/\/clementineparis.net\/fr\/wp-json\/wp\/v2\/media?parent=3128"}],"wp:term":[{"taxonomy":"product_brand","embeddable":true,"href":"https:\/\/clementineparis.net\/fr\/wp-json\/wp\/v2\/product_brand?post=3128"},{"taxonomy":"product_cat","embeddable":true,"href":"https:\/\/clementineparis.net\/fr\/wp-json\/wp\/v2\/product_cat?post=3128"},{"taxonomy":"product_tag","embeddable":true,"href":"https:\/\/clementineparis.net\/fr\/wp-json\/wp\/v2\/product_tag?post=3128"}],"curies":[{"name":"wp","href":"https:\/\/api.w.org\/{rel}","templated":true}]}}