{"id":3097,"date":"2024-08-14T13:52:20","date_gmt":"2024-08-14T16:52:20","guid":{"rendered":"https:\/\/clementineparis.net\/contact\/"},"modified":"2026-02-06T15:45:44","modified_gmt":"2026-02-06T18:45:44","slug":"contact","status":"publish","type":"page","link":"https:\/\/clementineparis.net\/fr\/contact\/","title":{"rendered":"Contact"},"content":{"rendered":"\t\t<div data-elementor-type=\"wp-page\" data-elementor-id=\"3097\" class=\"elementor elementor-3097 elementor-405\" data-elementor-post-type=\"page\">\n\t\t\t\t<div class=\"elementor-element elementor-element-d34e912 e-con-full e-flex e-con e-parent\" data-id=\"d34e912\" data-element_type=\"container\" data-e-type=\"container\" id=\"contact\" data-settings=\"{&quot;background_background&quot;:&quot;classic&quot;}\">\n\t\t<div class=\"elementor-element elementor-element-60dbb2a e-con-full e-flex e-con e-child\" data-id=\"60dbb2a\" data-element_type=\"container\" data-e-type=\"container\" data-settings=\"{&quot;position&quot;:&quot;absolute&quot;,&quot;background_background&quot;:&quot;classic&quot;}\">\n\t\t\t\t<\/div>\n\t\t<div class=\"elementor-element elementor-element-ca2c524 e-con-full e-flex e-con e-child\" data-id=\"ca2c524\" data-element_type=\"container\" data-e-type=\"container\" data-settings=\"{&quot;background_background&quot;:&quot;classic&quot;}\">\n\t\t<div class=\"elementor-element elementor-element-effe8d7 e-con-full e-flex e-con e-child\" data-id=\"effe8d7\" data-element_type=\"container\" data-e-type=\"container\">\n\t\t<div class=\"elementor-element elementor-element-3349b9a e-con-full e-flex e-con e-child\" data-id=\"3349b9a\" data-element_type=\"container\" data-e-type=\"container\">\n\t\t\t\t<div class=\"elementor-element elementor-element-d613ad1 elementor-widget__width-initial elementor-widget elementor-widget-heading\" data-id=\"d613ad1\" data-element_type=\"widget\" data-e-type=\"widget\" data-widget_type=\"heading.default\">\n\t\t\t\t\t<h2 class=\"elementor-heading-title elementor-size-default\">Fale com a gente!<\/h2>\t\t\t\t<\/div>\n\t\t\t\t<div class=\"elementor-element elementor-element-3fd7117 elementor-widget elementor-widget-text-editor\" data-id=\"3fd7117\" data-element_type=\"widget\" data-e-type=\"widget\" data-widget_type=\"text-editor.default\">\n\t\t\t\t\t\t\t\t\t<div class=\"elementor-element elementor-element-3349b9a e-con-full e-flex convert--none scrubbed__false pinned__false wd--always--show container--pointer--events--auto layout--default bg--none no e-con e-child\" data-id=\"3349b9a\" data-element_type=\"container\"><div class=\"elementor-element elementor-element-07d3b9e text-stroke-no wd--always--show elementor-widget elementor-widget-petextwrapper\" data-id=\"07d3b9e\" data-element_type=\"widget\" data-widget_type=\"petextwrapper.default\"><div class=\"elementor-widget-container\"><div class=\"text-wrapper\"><p class=\"text-p      \">Estamos aqui para voc\u00ea! Seja para esclarecer d\u00favidas, compartilhar feedback ou solicitar assist\u00eancia, nossa equipe est\u00e1 pronta para ajudar. Entre em contato conosco pelos canais dispon\u00edveis e tenha a melhor experi\u00eancia com a Clementine Paris\u00ae.<\/p><\/div><\/div><\/div><\/div>\t\t\t\t\t\t\t\t<\/div>\n\t\t\t\t<\/div>\n\t\t<div class=\"elementor-element elementor-element-879c0c7 e-con-full e-flex e-con e-child\" data-id=\"879c0c7\" data-element_type=\"container\" data-e-type=\"container\">\n\t\t<div class=\"elementor-element elementor-element-421061f e-con-full e-flex e-con e-child\" data-id=\"421061f\" data-element_type=\"container\" data-e-type=\"container\">\n\t\t\t\t<div class=\"elementor-element elementor-element-aedab7b elementor-widget elementor-widget-text-editor\" data-id=\"aedab7b\" data-element_type=\"widget\" data-e-type=\"widget\" data-widget_type=\"text-editor.default\">\n\t\t\t\t\t\t\t\t\t<div class=\"elementor-element elementor-element-411b7b2 text-stroke-no wd--always--show elementor-widget elementor-widget-petextwrapper\" data-id=\"411b7b2\" data-element_type=\"widget\" data-widget_type=\"petextwrapper.default\"><div class=\"elementor-widget-container\"><div class=\"text-wrapper\"><p class=\"text-p   no-margin   \"><em><strong>Endere\u00e7o<\/strong><\/em><\/p><\/div><\/div><\/div><div class=\"elementor-element elementor-element-024ee63 text-stroke-no wd--always--show elementor-widget elementor-widget-petextwrapper\" data-id=\"024ee63\" data-element_type=\"widget\" data-widget_type=\"petextwrapper.default\"><div class=\"elementor-widget-container\"><div class=\"text-wrapper\"><p class=\"text-p   no-margin   \">Clementine Paris<br \/>231, rue Saint-Honor\u00e9<br \/>75001 | PARIS<\/p><\/div><\/div><\/div>\t\t\t\t\t\t\t\t<\/div>\n\t\t\t\t<\/div>\n\t\t<div class=\"elementor-element elementor-element-5904498 e-con-full e-flex e-con e-child\" data-id=\"5904498\" data-element_type=\"container\" data-e-type=\"container\">\n\t\t\t\t<div class=\"elementor-element elementor-element-0ce96d9 elementor-widget elementor-widget-text-editor\" data-id=\"0ce96d9\" data-element_type=\"widget\" data-e-type=\"widget\" data-widget_type=\"text-editor.default\">\n\t\t\t\t\t\t\t\t\t<div class=\"elementor-element elementor-element-479bff0 text-stroke-no wd--always--show elementor-widget elementor-widget-petextwrapper\" data-id=\"479bff0\" data-element_type=\"widget\" data-widget_type=\"petextwrapper.default\"><div class=\"elementor-widget-container\"><div class=\"text-wrapper\"><p class=\"text-p   no-margin   \"><em><strong>Atendimento<\/strong><\/em><\/p><\/div><\/div><\/div><div class=\"elementor-element elementor-element-e65f07f text-stroke-no wd--always--show elementor-widget elementor-widget-petextwrapper\" data-id=\"e65f07f\" data-element_type=\"widget\" data-widget_type=\"petextwrapper.default\"><div class=\"elementor-widget-container\"><div class=\"text-wrapper\"><p class=\"text-p   no-margin   \">Segunda a Sexta: 9:00 AM \u2013 6:00 PM<br \/>S\u00e1bado: 10:00 AM \u2013 4:00 PM<br \/>Domingo: Fechado<\/p><\/div><\/div><\/div>\t\t\t\t\t\t\t\t<\/div>\n\t\t\t\t<\/div>\n\t\t<div class=\"elementor-element elementor-element-dc5d712 e-con-full e-flex e-con e-child\" data-id=\"dc5d712\" data-element_type=\"container\" data-e-type=\"container\">\n\t\t\t\t<div class=\"elementor-element elementor-element-4669f9e elementor-shape-rounded elementor-grid-0 e-grid-align-center elementor-widget elementor-widget-social-icons\" data-id=\"4669f9e\" data-element_type=\"widget\" data-e-type=\"widget\" data-widget_type=\"social-icons.default\">\n\t\t\t\t\t\t\t<div class=\"elementor-social-icons-wrapper elementor-grid\" role=\"list\">\n\t\t\t\t\t\t\t<span class=\"elementor-grid-item\" role=\"listitem\">\n\t\t\t\t\t<a class=\"elementor-icon elementor-social-icon elementor-social-icon-instagram elementor-repeater-item-89a65b7\" href=\"https:\/\/www.instagram.com\/clementineparis__\/\" target=\"_blank\">\n\t\t\t\t\t\t<span class=\"elementor-screen-only\">Instagram<\/span>\n\t\t\t\t\t\t<svg aria-hidden=\"true\" class=\"e-font-icon-svg e-fab-instagram\" viewBox=\"0 0 448 512\" xmlns=\"http:\/\/www.w3.org\/2000\/svg\"><path d=\"M224.1 141c-63.6 0-114.9 51.3-114.9 114.9s51.3 114.9 114.9 114.9S339 319.5 339 255.9 287.7 141 224.1 141zm0 189.6c-41.1 0-74.7-33.5-74.7-74.7s33.5-74.7 74.7-74.7 74.7 33.5 74.7 74.7-33.6 74.7-74.7 74.7zm146.4-194.3c0 14.9-12 26.8-26.8 26.8-14.9 0-26.8-12-26.8-26.8s12-26.8 26.8-26.8 26.8 12 26.8 26.8zm76.1 27.2c-1.7-35.9-9.9-67.7-36.2-93.9-26.2-26.2-58-34.4-93.9-36.2-37-2.1-147.9-2.1-184.9 0-35.8 1.7-67.6 9.9-93.9 36.1s-34.4 58-36.2 93.9c-2.1 37-2.1 147.9 0 184.9 1.7 35.9 9.9 67.7 36.2 93.9s58 34.4 93.9 36.2c37 2.1 147.9 2.1 184.9 0 35.9-1.7 67.7-9.9 93.9-36.2 26.2-26.2 34.4-58 36.2-93.9 2.1-37 2.1-147.8 0-184.8zM398.8 388c-7.8 19.6-22.9 34.7-42.6 42.6-29.5 11.7-99.5 9-132.1 9s-102.7 2.6-132.1-9c-19.6-7.8-34.7-22.9-42.6-42.6-11.7-29.5-9-99.5-9-132.1s-2.6-102.7 9-132.1c7.8-19.6 22.9-34.7 42.6-42.6 29.5-11.7 99.5-9 132.1-9s102.7-2.6 132.1 9c19.6 7.8 34.7 22.9 42.6 42.6 11.7 29.5 9 99.5 9 132.1s2.7 102.7-9 132.1z\"><\/path><\/svg>\t\t\t\t\t<\/a>\n\t\t\t\t<\/span>\n\t\t\t\t\t\t\t<span class=\"elementor-grid-item\" role=\"listitem\">\n\t\t\t\t\t<a class=\"elementor-icon elementor-social-icon elementor-social-icon-whatsapp elementor-repeater-item-68bedda\" href=\"https:\/\/wa.me\/33624821631\" target=\"_blank\">\n\t\t\t\t\t\t<span class=\"elementor-screen-only\">Whatsapp<\/span>\n\t\t\t\t\t\t<svg aria-hidden=\"true\" class=\"e-font-icon-svg e-fab-whatsapp\" viewBox=\"0 0 448 512\" xmlns=\"http:\/\/www.w3.org\/2000\/svg\"><path d=\"M380.9 97.1C339 55.1 283.2 32 223.9 32c-122.4 0-222 99.6-222 222 0 39.1 10.2 77.3 29.6 111L0 480l117.7-30.9c32.4 17.7 68.9 27 106.1 27h.1c122.3 0 224.1-99.6 224.1-222 0-59.3-25.2-115-67.1-157zm-157 341.6c-33.2 0-65.7-8.9-94-25.7l-6.7-4-69.8 18.3L72 359.2l-4.4-7c-18.5-29.4-28.2-63.3-28.2-98.2 0-101.7 82.8-184.5 184.6-184.5 49.3 0 95.6 19.2 130.4 54.1 34.8 34.9 56.2 81.2 56.1 130.5 0 101.8-84.9 184.6-186.6 184.6zm101.2-138.2c-5.5-2.8-32.8-16.2-37.9-18-5.1-1.9-8.8-2.8-12.5 2.8-3.7 5.6-14.3 18-17.6 21.8-3.2 3.7-6.5 4.2-12 1.4-32.6-16.3-54-29.1-75.5-66-5.7-9.8 5.7-9.1 16.3-30.3 1.8-3.7.9-6.9-.5-9.7-1.4-2.8-12.5-30.1-17.1-41.2-4.5-10.8-9.1-9.3-12.5-9.5-3.2-.2-6.9-.2-10.6-.2-3.7 0-9.7 1.4-14.8 6.9-5.1 5.6-19.4 19-19.4 46.3 0 27.3 19.9 53.7 22.6 57.4 2.8 3.7 39.1 59.7 94.8 83.8 35.2 15.2 49 16.5 66.6 13.9 10.7-1.6 32.8-13.4 37.4-26.4 4.6-13 4.6-24.1 3.2-26.4-1.3-2.5-5-3.9-10.5-6.6z\"><\/path><\/svg>\t\t\t\t\t<\/a>\n\t\t\t\t<\/span>\n\t\t\t\t\t\t\t<span class=\"elementor-grid-item\" role=\"listitem\">\n\t\t\t\t\t<a class=\"elementor-icon elementor-social-icon elementor-social-icon-envelope elementor-repeater-item-c7747b0\" href=\"mailto:info@clementineparis.net\" target=\"_blank\">\n\t\t\t\t\t\t<span class=\"elementor-screen-only\">Envelope<\/span>\n\t\t\t\t\t\t<svg aria-hidden=\"true\" class=\"e-font-icon-svg e-fas-envelope\" viewBox=\"0 0 512 512\" xmlns=\"http:\/\/www.w3.org\/2000\/svg\"><path d=\"M502.3 190.8c3.9-3.1 9.7-.2 9.7 4.7V400c0 26.5-21.5 48-48 48H48c-26.5 0-48-21.5-48-48V195.6c0-5 5.7-7.8 9.7-4.7 22.4 17.4 52.1 39.5 154.1 113.6 21.1 15.4 56.7 47.8 92.2 47.6 35.7.3 72-32.8 92.3-47.6 102-74.1 131.6-96.3 154-113.7zM256 320c23.2.4 56.6-29.2 73.4-41.4 132.7-96.3 142.8-104.7 173.4-128.7 5.8-4.5 9.2-11.5 9.2-18.9v-19c0-26.5-21.5-48-48-48H48C21.5 64 0 85.5 0 112v19c0 7.4 3.4 14.3 9.2 18.9 30.6 23.9 40.7 32.4 173.4 128.7 16.8 12.2 50.2 41.8 73.4 41.4z\"><\/path><\/svg>\t\t\t\t\t<\/a>\n\t\t\t\t<\/span>\n\t\t\t\t\t<\/div>\n\t\t\t\t\t\t<\/div>\n\t\t\t\t<\/div>\n\t\t\t\t<\/div>\n\t\t\t\t<\/div>\n\t\t\t\t<\/div>\n\t\t\t\t<\/div>\n\t\t\t\t<\/div>\n\t\t","protected":false},"excerpt":{"rendered":"<p>Fale com a gente! Estamos aqui para voc\u00ea! Seja para esclarecer d\u00favidas, compartilhar feedback ou solicitar assist\u00eancia, nossa equipe est\u00e1 pronta para ajudar. Entre em contato conosco pelos canais dispon\u00edveis e tenha a melhor experi\u00eancia com a Clementine Paris\u00ae. Endere\u00e7o Clementine Paris231, rue Saint-Honor\u00e975001 | PARIS Atendimento Segunda a Sexta: 9:00 AM \u2013 6:00 PMS\u00e1bado: [&hellip;]<\/p>\n","protected":false},"author":1,"featured_media":0,"parent":0,"menu_order":0,"comment_status":"closed","ping_status":"closed","template":"","meta":{"footnotes":""},"class_list":["post-3097","page","type-page","status-publish","hentry"],"_links":{"self":[{"href":"https:\/\/clementineparis.net\/fr\/wp-json\/wp\/v2\/pages\/3097","targetHints":{"allow":["GET"]}}],"collection":[{"href":"https:\/\/clementineparis.net\/fr\/wp-json\/wp\/v2\/pages"}],"about":[{"href":"https:\/\/clementineparis.net\/fr\/wp-json\/wp\/v2\/types\/page"}],"author":[{"embeddable":true,"href":"https:\/\/clementineparis.net\/fr\/wp-json\/wp\/v2\/users\/1"}],"replies":[{"embeddable":true,"href":"https:\/\/clementineparis.net\/fr\/wp-json\/wp\/v2\/comments?post=3097"}],"version-history":[{"count":1,"href":"https:\/\/clementineparis.net\/fr\/wp-json\/wp\/v2\/pages\/3097\/revisions"}],"predecessor-version":[{"id":3098,"href":"https:\/\/clementineparis.net\/fr\/wp-json\/wp\/v2\/pages\/3097\/revisions\/3098"}],"wp:attachment":[{"href":"https:\/\/clementineparis.net\/fr\/wp-json\/wp\/v2\/media?parent=3097"}],"curies":[{"name":"wp","href":"https:\/\/api.w.org\/{rel}","templated":true}]}}