{"id":3088,"date":"2024-09-14T13:51:50","date_gmt":"2024-09-14T16:51:50","guid":{"rendered":"https:\/\/clementineparis.net\/a-propos-de-nous\/"},"modified":"2026-02-10T10:01:02","modified_gmt":"2026-02-10T13:01:02","slug":"a-propos-de-nous","status":"publish","type":"page","link":"https:\/\/clementineparis.net\/fr\/a-propos-de-nous\/","title":{"rendered":"\u00c0 propos de nous"},"content":{"rendered":"\t\t<div data-elementor-type=\"wp-page\" data-elementor-id=\"3088\" class=\"elementor elementor-3088 elementor-402\" data-elementor-post-type=\"page\">\n\t\t\t\t<div class=\"elementor-element elementor-element-1e66c65 e-con-full e-flex e-con e-parent\" data-id=\"1e66c65\" data-element_type=\"container\" data-e-type=\"container\" id=\"about\" data-settings=\"{&quot;background_background&quot;:&quot;classic&quot;}\">\n\t\t<div class=\"elementor-element elementor-element-bceee68 e-con-full e-flex e-con e-child\" data-id=\"bceee68\" data-element_type=\"container\" data-e-type=\"container\" data-settings=\"{&quot;background_background&quot;:&quot;classic&quot;}\">\n\t\t<div class=\"elementor-element elementor-element-1d1b152 e-con-full e-flex e-con e-child\" data-id=\"1d1b152\" data-element_type=\"container\" data-e-type=\"container\" data-settings=\"{&quot;motion_fx_motion_fx_scrolling&quot;:&quot;yes&quot;,&quot;motion_fx_translateY_effect&quot;:&quot;yes&quot;,&quot;motion_fx_translateY_speed&quot;:{&quot;unit&quot;:&quot;px&quot;,&quot;size&quot;:4,&quot;sizes&quot;:[]},&quot;motion_fx_translateY_affectedRange&quot;:{&quot;unit&quot;:&quot;%&quot;,&quot;size&quot;:&quot;&quot;,&quot;sizes&quot;:{&quot;start&quot;:0,&quot;end&quot;:100}},&quot;motion_fx_devices&quot;:[&quot;desktop&quot;,&quot;tablet&quot;,&quot;mobile&quot;]}\">\n\t\t<div class=\"elementor-element elementor-element-c9b2b02 e-con-full e-flex e-con e-child\" data-id=\"c9b2b02\" data-element_type=\"container\" data-e-type=\"container\">\n\t\t\t\t<div class=\"elementor-element elementor-element-898e99e elementor-widget elementor-widget-heading\" data-id=\"898e99e\" data-element_type=\"widget\" data-e-type=\"widget\" data-widget_type=\"heading.default\">\n\t\t\t\t\t<h2 class=\"elementor-heading-title elementor-size-default\">\u00c0 PROPOS DE CL\u00c9MENTINE PARIS<\/h2>\t\t\t\t<\/div>\n\t\t\t\t<\/div>\n\t\t<div class=\"elementor-element elementor-element-a83a65e e-con-full e-flex e-con e-child\" data-id=\"a83a65e\" data-element_type=\"container\" data-e-type=\"container\">\n\t\t<div class=\"elementor-element elementor-element-c2cffbd e-con-full e-flex e-con e-child\" data-id=\"c2cffbd\" data-element_type=\"container\" data-e-type=\"container\">\n\t\t\t\t<div class=\"elementor-element elementor-element-51b9b4f elementor-widget elementor-widget-text-editor\" data-id=\"51b9b4f\" data-element_type=\"widget\" data-e-type=\"widget\" data-widget_type=\"text-editor.default\">\n\t\t\t\t\t\t\t\t\t<p>Cl\u00e9mentine Paris est une agence de tendances et un centre de formation bas\u00e9 \u00e0 Paris, cr\u00e9\u00e9 en 2020 afin de r\u00e9pondre \u00e0 la demande des cr\u00e9ateurs et des consommateurs \u00e0 l\u2019\u00e9chelle internationale.<\/p>\n<p>En 2020\/2021, nous avons dispens\u00e9 plusieurs cours de coolhunting en partenariat avec FFW. Depuis, nous proposons des formations en ligne et en pr\u00e9sentiel \u00e0 Paris, S\u00e3o Paulo et Belo Horizonte, d\u00e9di\u00e9es au coolhunting, \u00e0 la recherche de tendances et au march\u00e9 du luxe.<\/p>\n<p><b>En ao\u00fbt 2025, Cl\u00e9mentine Paris a \u00e9t\u00e9 reconnue par l\u2019\u00c9tat fran\u00e7ais en tant que centre de formation (d\u00e9claration d\u2019activit\u00e9 enregistr\u00e9e sous le num\u00e9ro 11757329975 aupr\u00e8s du pr\u00e9fet de la r\u00e9gion \u00cele-de-France), renfor\u00e7ant ainsi la reconnaissance et la cr\u00e9dibilit\u00e9 de notre expertise.<\/b><\/p><p>Nous accompagnons \u00e9galement les marques et les cr\u00e9ateurs \u00e0 travers des missions de conseil en tendances de mode dans les secteurs du textile, des accessoires, de la chaussure, du visual merchandising, ainsi que par des exp\u00e9riences priv\u00e9es destin\u00e9es \u00e0 des groupes s\u00e9lectionn\u00e9s souhaitant vivre concr\u00e8tement la culture fran\u00e7aise et parisienne.&nbsp;<\/p><p>Dans le domaine du design d\u2019int\u00e9rieur, nous organisons notamment l\u2019Immersion Milan Design Week, incluant une apr\u00e8s-midi de recherche de tendances dans le quartier de Brera, \u00e9picentre influent et vibrant du design contemporain.<\/p>\t\t\t\t\t\t\t\t<\/div>\n\t\t\t\t<\/div>\n\t\t\t\t<\/div>\n\t\t\t\t<div class=\"elementor-element elementor-element-f4150a1 elementor-widget elementor-widget-heading\" data-id=\"f4150a1\" data-element_type=\"widget\" data-e-type=\"widget\" data-widget_type=\"heading.default\">\n\t\t\t\t\t<h2 class=\"elementor-heading-title elementor-size-default\">D\u00e9couvrez les Cl\u00e9mentines<\/h2>\t\t\t\t<\/div>\n\t\t<div class=\"elementor-element elementor-element-30a532b e-con-full e-flex e-con e-child\" data-id=\"30a532b\" data-element_type=\"container\" data-e-type=\"container\">\n\t\t<div class=\"elementor-element elementor-element-df55aef e-con-full e-flex e-con e-child\" data-id=\"df55aef\" data-element_type=\"container\" data-e-type=\"container\">\n\t\t\t\t<div class=\"elementor-element elementor-element-715b477 elementor-widget elementor-widget-text-editor\" data-id=\"715b477\" data-element_type=\"widget\" data-e-type=\"widget\" data-widget_type=\"text-editor.default\">\n\t\t\t\t\t\t\t\t\t<div class=\"pe--infobox--title\"><h4>Giovana Cornacchia<\/h4><\/div><div class=\"pe--infobox--content\"><p><span style=\"font-weight: 400\">Italo-br\u00e9silienne, elle d\u00e9bute sa carri\u00e8re internationale de mannequin \u00e0 l\u2019\u00e2ge de 16 ans, d\u00e9filant et posant pour de grandes marques et magazines \u00e0 travers le monde.<\/span><\/p><p><span style=\"font-weight: 400\">Avocate de formation, Giovana est \u00e9galement titulaire d\u2019un master en Management de la Mode et du Luxe, avec une sp\u00e9cialisation en Nouveaux M\u00e9dias &amp; Marketing de la Mode \u00e0 l\u2019Institut Sup\u00e9rieur des Arts Appliqu\u00e9s LISAA \u00e0 Paris, o\u00f9 elle r\u00e9side depuis 2017.<\/span><\/p><p><span style=\"font-weight: 400\">Elle a \u00e9t\u00e9 chroniqueuse pour le site br\u00e9silien FFW, a travaill\u00e9 chez Prada et occup\u00e9 le poste de Fashion Business Manager chez Promostyl, la premi\u00e8re agence de tendances au monde, o\u00f9 elle s\u2019est sp\u00e9cialis\u00e9e dans l\u2019analyse du march\u00e9 et l\u2019\u00e9tude des tendances.<\/span><\/p><\/div>\t\t\t\t\t\t\t\t<\/div>\n\t\t\t\t<div class=\"elementor-element elementor-element-77530fe elementor-widget elementor-widget-image\" data-id=\"77530fe\" data-element_type=\"widget\" data-e-type=\"widget\" data-widget_type=\"image.default\">\n\t\t\t\t\t\t\t\t\t\t\t\t\t\t\t<img fetchpriority=\"high\" decoding=\"async\" width=\"683\" height=\"1024\" src=\"https:\/\/clementineparis.net\/wp-content\/uploads\/2026\/02\/Giovana.jpg-683x1024.jpeg\" class=\"attachment-large size-large wp-image-3077\" alt=\"\" srcset=\"https:\/\/clementineparis.net\/wp-content\/uploads\/2026\/02\/Giovana.jpg-683x1024.jpeg 683w, https:\/\/clementineparis.net\/wp-content\/uploads\/2026\/02\/Giovana.jpg-200x300.jpeg 200w, https:\/\/clementineparis.net\/wp-content\/uploads\/2026\/02\/Giovana.jpg-768x1152.jpeg 768w, https:\/\/clementineparis.net\/wp-content\/uploads\/2026\/02\/Giovana.jpg-1024x1536.jpeg 1024w, https:\/\/clementineparis.net\/wp-content\/uploads\/2026\/02\/Giovana.jpg-1365x2048.jpeg 1365w, https:\/\/clementineparis.net\/wp-content\/uploads\/2026\/02\/Giovana.jpg-600x900.jpeg 600w, https:\/\/clementineparis.net\/wp-content\/uploads\/2026\/02\/Giovana.jpg-scaled.jpeg 1706w\" sizes=\"(max-width: 683px) 100vw, 683px\" \/>\t\t\t\t\t\t\t\t\t\t\t\t\t\t\t<\/div>\n\t\t\t\t<div class=\"elementor-element elementor-element-6ade952 elementor-position-inline-start elementor-view-default elementor-mobile-position-block-start elementor-widget elementor-widget-icon-box\" data-id=\"6ade952\" data-element_type=\"widget\" data-e-type=\"widget\" data-widget_type=\"icon-box.default\">\n\t\t\t\t\t\t\t<div class=\"elementor-icon-box-wrapper\">\n\n\t\t\t\t\t\t<div class=\"elementor-icon-box-icon\">\n\t\t\t\t<a href=\"https:\/\/www.instagram.com\/giovanacornacchia\/\" class=\"elementor-icon\" tabindex=\"-1\" aria-label=\"@giovanacornacchia\">\n\t\t\t\t<svg aria-hidden=\"true\" class=\"e-font-icon-svg e-fab-instagram\" viewBox=\"0 0 448 512\" xmlns=\"http:\/\/www.w3.org\/2000\/svg\"><path d=\"M224.1 141c-63.6 0-114.9 51.3-114.9 114.9s51.3 114.9 114.9 114.9S339 319.5 339 255.9 287.7 141 224.1 141zm0 189.6c-41.1 0-74.7-33.5-74.7-74.7s33.5-74.7 74.7-74.7 74.7 33.5 74.7 74.7-33.6 74.7-74.7 74.7zm146.4-194.3c0 14.9-12 26.8-26.8 26.8-14.9 0-26.8-12-26.8-26.8s12-26.8 26.8-26.8 26.8 12 26.8 26.8zm76.1 27.2c-1.7-35.9-9.9-67.7-36.2-93.9-26.2-26.2-58-34.4-93.9-36.2-37-2.1-147.9-2.1-184.9 0-35.8 1.7-67.6 9.9-93.9 36.1s-34.4 58-36.2 93.9c-2.1 37-2.1 147.9 0 184.9 1.7 35.9 9.9 67.7 36.2 93.9s58 34.4 93.9 36.2c37 2.1 147.9 2.1 184.9 0 35.9-1.7 67.7-9.9 93.9-36.2 26.2-26.2 34.4-58 36.2-93.9 2.1-37 2.1-147.8 0-184.8zM398.8 388c-7.8 19.6-22.9 34.7-42.6 42.6-29.5 11.7-99.5 9-132.1 9s-102.7 2.6-132.1-9c-19.6-7.8-34.7-22.9-42.6-42.6-11.7-29.5-9-99.5-9-132.1s-2.6-102.7 9-132.1c7.8-19.6 22.9-34.7 42.6-42.6 29.5-11.7 99.5-9 132.1-9s102.7-2.6 132.1 9c19.6 7.8 34.7 22.9 42.6 42.6 11.7 29.5 9 99.5 9 132.1s2.7 102.7-9 132.1z\"><\/path><\/svg>\t\t\t\t<\/a>\n\t\t\t<\/div>\n\t\t\t\n\t\t\t\t\t\t<div class=\"elementor-icon-box-content\">\n\n\t\t\t\t\t\t\t\t\t<h4 class=\"elementor-icon-box-title\">\n\t\t\t\t\t\t<a href=\"https:\/\/www.instagram.com\/giovanacornacchia\/\" >\n\t\t\t\t\t\t\t@giovanacornacchia\t\t\t\t\t\t<\/a>\n\t\t\t\t\t<\/h4>\n\t\t\t\t\n\t\t\t\t\n\t\t\t<\/div>\n\t\t\t\n\t\t<\/div>\n\t\t\t\t\t\t<\/div>\n\t\t\t\t<\/div>\n\t\t<div class=\"elementor-element elementor-element-caef787 e-con-full e-flex e-con e-child\" data-id=\"caef787\" data-element_type=\"container\" data-e-type=\"container\">\n\t\t\t\t<div class=\"elementor-element elementor-element-5395cf9 elementor-widget elementor-widget-text-editor\" data-id=\"5395cf9\" data-element_type=\"widget\" data-e-type=\"widget\" data-widget_type=\"text-editor.default\">\n\t\t\t\t\t\t\t\t\t<div class=\"pe--infobox--title\"><h4>Gianni Cornacchia<\/h4><\/div><div class=\"pe--infobox--content\"><p><span style=\"font-weight: 400\">Franco-br\u00e9silienne, architecte de formation et titulaire d\u2019un master, Gianni a men\u00e9 une solide carri\u00e8re de 12 ans \u00e0 Paris en tant que digital manager, travaillant aussi bien dans des startups innovantes et technologiques que pour de grands groupes fran\u00e7ais.<\/span><\/p><p><span style=\"font-weight: 400\">Dans le domaine de la mode, Gianni est form\u00e9e au fashion coolhunting \u00e0 la prestigieuse \u00e9cole britannique Central Saint Martins (Londres) et a suivi le cours d\u2019histoire de la mode \u00ab Les femmes qui habillent les femmes \u00bb \u00e0 l\u2019\u00c9cole du Louvre (Paris). Elle est \u00e9galement conseill\u00e8re en image et style, dipl\u00f4m\u00e9e de l\u2019\u00c9cole de Mode Denise Aguiar (Belo Horizonte). <\/span><\/p><p><span style=\"font-weight: 400\">Passionn\u00e9e par l\u2019art, le design, la mode et bien s\u00fbr l\u2019architecture, Gianni porte un regard particuli\u00e8rement aff\u00fbt\u00e9 sur ces univers. <\/span><span style=\"font-weight: 400\">Elle r\u00e9side \u00e0 Paris depuis 2010.<\/span><\/p><\/div>\t\t\t\t\t\t\t\t<\/div>\n\t\t\t\t<div class=\"elementor-element elementor-element-6439618 elementor-widget elementor-widget-image\" data-id=\"6439618\" data-element_type=\"widget\" data-e-type=\"widget\" data-widget_type=\"image.default\">\n\t\t\t\t\t\t\t\t\t\t\t\t\t\t\t<img decoding=\"async\" width=\"683\" height=\"1024\" src=\"https:\/\/clementineparis.net\/wp-content\/uploads\/2026\/02\/Gianni.jpg-683x1024.jpeg\" class=\"attachment-large size-large wp-image-3079\" alt=\"\" srcset=\"https:\/\/clementineparis.net\/wp-content\/uploads\/2026\/02\/Gianni.jpg-683x1024.jpeg 683w, https:\/\/clementineparis.net\/wp-content\/uploads\/2026\/02\/Gianni.jpg-200x300.jpeg 200w, https:\/\/clementineparis.net\/wp-content\/uploads\/2026\/02\/Gianni.jpg-768x1152.jpeg 768w, https:\/\/clementineparis.net\/wp-content\/uploads\/2026\/02\/Gianni.jpg-1024x1536.jpeg 1024w, https:\/\/clementineparis.net\/wp-content\/uploads\/2026\/02\/Gianni.jpg-1365x2048.jpeg 1365w, https:\/\/clementineparis.net\/wp-content\/uploads\/2026\/02\/Gianni.jpg-600x900.jpeg 600w, https:\/\/clementineparis.net\/wp-content\/uploads\/2026\/02\/Gianni.jpg-scaled.jpeg 1706w\" sizes=\"(max-width: 683px) 100vw, 683px\" \/>\t\t\t\t\t\t\t\t\t\t\t\t\t\t\t<\/div>\n\t\t\t\t<div class=\"elementor-element elementor-element-0de8772 elementor-position-inline-start elementor-view-default elementor-mobile-position-block-start elementor-widget elementor-widget-icon-box\" data-id=\"0de8772\" data-element_type=\"widget\" data-e-type=\"widget\" data-widget_type=\"icon-box.default\">\n\t\t\t\t\t\t\t<div class=\"elementor-icon-box-wrapper\">\n\n\t\t\t\t\t\t<div class=\"elementor-icon-box-icon\">\n\t\t\t\t<a href=\"https:\/\/www.instagram.com\/giannicornacchia\/\" class=\"elementor-icon\" tabindex=\"-1\" aria-label=\"@giannicornacchia\">\n\t\t\t\t<svg aria-hidden=\"true\" class=\"e-font-icon-svg e-fab-instagram\" viewBox=\"0 0 448 512\" xmlns=\"http:\/\/www.w3.org\/2000\/svg\"><path d=\"M224.1 141c-63.6 0-114.9 51.3-114.9 114.9s51.3 114.9 114.9 114.9S339 319.5 339 255.9 287.7 141 224.1 141zm0 189.6c-41.1 0-74.7-33.5-74.7-74.7s33.5-74.7 74.7-74.7 74.7 33.5 74.7 74.7-33.6 74.7-74.7 74.7zm146.4-194.3c0 14.9-12 26.8-26.8 26.8-14.9 0-26.8-12-26.8-26.8s12-26.8 26.8-26.8 26.8 12 26.8 26.8zm76.1 27.2c-1.7-35.9-9.9-67.7-36.2-93.9-26.2-26.2-58-34.4-93.9-36.2-37-2.1-147.9-2.1-184.9 0-35.8 1.7-67.6 9.9-93.9 36.1s-34.4 58-36.2 93.9c-2.1 37-2.1 147.9 0 184.9 1.7 35.9 9.9 67.7 36.2 93.9s58 34.4 93.9 36.2c37 2.1 147.9 2.1 184.9 0 35.9-1.7 67.7-9.9 93.9-36.2 26.2-26.2 34.4-58 36.2-93.9 2.1-37 2.1-147.8 0-184.8zM398.8 388c-7.8 19.6-22.9 34.7-42.6 42.6-29.5 11.7-99.5 9-132.1 9s-102.7 2.6-132.1-9c-19.6-7.8-34.7-22.9-42.6-42.6-11.7-29.5-9-99.5-9-132.1s-2.6-102.7 9-132.1c7.8-19.6 22.9-34.7 42.6-42.6 29.5-11.7 99.5-9 132.1-9s102.7-2.6 132.1 9c19.6 7.8 34.7 22.9 42.6 42.6 11.7 29.5 9 99.5 9 132.1s2.7 102.7-9 132.1z\"><\/path><\/svg>\t\t\t\t<\/a>\n\t\t\t<\/div>\n\t\t\t\n\t\t\t\t\t\t<div class=\"elementor-icon-box-content\">\n\n\t\t\t\t\t\t\t\t\t<h4 class=\"elementor-icon-box-title\">\n\t\t\t\t\t\t<a href=\"https:\/\/www.instagram.com\/giannicornacchia\/\" >\n\t\t\t\t\t\t\t@giannicornacchia\t\t\t\t\t\t<\/a>\n\t\t\t\t\t<\/h4>\n\t\t\t\t\n\t\t\t\t\n\t\t\t<\/div>\n\t\t\t\n\t\t<\/div>\n\t\t\t\t\t\t<\/div>\n\t\t\t\t<\/div>\n\t\t\t\t<\/div>\n\t\t\t\t<\/div>\n\t\t\t\t<\/div>\n\t\t\t\t<\/div>\n\t\t\t\t<\/div>\n\t\t","protected":false},"excerpt":{"rendered":"<p>\u00c0 PROPOS DE CL\u00c9MENTINE PARIS Cl\u00e9mentine Paris est une agence de tendances et un centre de formation bas\u00e9 \u00e0 Paris, cr\u00e9\u00e9 en 2020 afin de r\u00e9pondre \u00e0 la demande des cr\u00e9ateurs et des consommateurs \u00e0 l\u2019\u00e9chelle internationale. En 2020\/2021, nous avons dispens\u00e9 plusieurs cours de coolhunting en partenariat avec FFW. Depuis, nous proposons des formations [&hellip;]<\/p>\n","protected":false},"author":1,"featured_media":0,"parent":0,"menu_order":0,"comment_status":"closed","ping_status":"closed","template":"","meta":{"footnotes":""},"class_list":["post-3088","page","type-page","status-publish","hentry"],"_links":{"self":[{"href":"https:\/\/clementineparis.net\/fr\/wp-json\/wp\/v2\/pages\/3088","targetHints":{"allow":["GET"]}}],"collection":[{"href":"https:\/\/clementineparis.net\/fr\/wp-json\/wp\/v2\/pages"}],"about":[{"href":"https:\/\/clementineparis.net\/fr\/wp-json\/wp\/v2\/types\/page"}],"author":[{"embeddable":true,"href":"https:\/\/clementineparis.net\/fr\/wp-json\/wp\/v2\/users\/1"}],"replies":[{"embeddable":true,"href":"https:\/\/clementineparis.net\/fr\/wp-json\/wp\/v2\/comments?post=3088"}],"version-history":[{"count":4,"href":"https:\/\/clementineparis.net\/fr\/wp-json\/wp\/v2\/pages\/3088\/revisions"}],"predecessor-version":[{"id":3266,"href":"https:\/\/clementineparis.net\/fr\/wp-json\/wp\/v2\/pages\/3088\/revisions\/3266"}],"wp:attachment":[{"href":"https:\/\/clementineparis.net\/fr\/wp-json\/wp\/v2\/media?parent=3088"}],"curies":[{"name":"wp","href":"https:\/\/api.w.org\/{rel}","templated":true}]}}