{"id":3086,"date":"2026-02-03T12:54:46","date_gmt":"2026-02-03T15:54:46","guid":{"rendered":"https:\/\/clementineparis.net\/conseil\/"},"modified":"2026-02-10T10:04:04","modified_gmt":"2026-02-10T13:04:04","slug":"conseil","status":"publish","type":"page","link":"https:\/\/clementineparis.net\/fr\/conseil\/","title":{"rendered":"Conseil"},"content":{"rendered":"\t\t<div data-elementor-type=\"wp-page\" data-elementor-id=\"3086\" class=\"elementor elementor-3086 elementor-3010\" data-elementor-post-type=\"page\">\n\t\t\t\t<div class=\"elementor-element elementor-element-1d3862ed e-con-full e-flex e-con e-parent\" data-id=\"1d3862ed\" data-element_type=\"container\" data-e-type=\"container\" data-settings=\"{&quot;background_background&quot;:&quot;classic&quot;}\">\n\t\t<div class=\"elementor-element elementor-element-fad7ba9 e-con-full e-flex e-con e-child\" data-id=\"fad7ba9\" data-element_type=\"container\" data-e-type=\"container\" data-settings=\"{&quot;background_background&quot;:&quot;classic&quot;}\">\n\t\t<div class=\"elementor-element elementor-element-617e8461 e-con-full e-flex e-con e-child\" data-id=\"617e8461\" data-element_type=\"container\" data-e-type=\"container\">\n\t\t<div class=\"elementor-element elementor-element-33b846c9 e-con-full e-flex e-con e-child\" data-id=\"33b846c9\" data-element_type=\"container\" data-e-type=\"container\">\n\t\t\t\t<div class=\"elementor-element elementor-element-61c35e3 elementor-widget elementor-widget-heading\" data-id=\"61c35e3\" data-element_type=\"widget\" data-e-type=\"widget\" data-widget_type=\"heading.default\">\n\t\t\t\t\t<h2 class=\"elementor-heading-title elementor-size-default\">Conseil<\/h2>\t\t\t\t<\/div>\n\t\t\t\t<\/div>\n\t\t<div class=\"elementor-element elementor-element-1dbf4132 e-con-full e-flex e-con e-child\" data-id=\"1dbf4132\" data-element_type=\"container\" data-e-type=\"container\">\n\t\t<div class=\"elementor-element elementor-element-5231fff6 e-con-full e-flex e-con e-child\" data-id=\"5231fff6\" data-element_type=\"container\" data-e-type=\"container\">\n\t\t\t\t<div class=\"elementor-element elementor-element-30fec39 elementor-widget elementor-widget-text-editor\" data-id=\"30fec39\" data-element_type=\"widget\" data-e-type=\"widget\" data-widget_type=\"text-editor.default\">\n\t\t\t\t\t\t\t\t\t<div data-id=\"27a0f67d\" data-element_type=\"widget\" data-widget_type=\"petextwrapper.default\"><div><div><p>Cl\u00e9mentine Paris est une agence de tendances et un centre de formation bas\u00e9 \u00e0 Paris, fond\u00e9 en 2020, sp\u00e9cialis\u00e9 dans la recherche de tendances de mode \/ coolhunting et dans la lecture strat\u00e9gique appliqu\u00e9e aux march\u00e9s de la mode et du luxe.<\/p><p>\u00c0 dimension internationale, Cl\u00e9mentine Paris op\u00e8re \u00e0 l\u2019intersection de l\u2019analyse culturelle, des comportements de consommation et de la strat\u00e9gie produit, en connectant ce qui \u00e9merge dans les principaux p\u00f4les cr\u00e9atifs europ\u00e9ens aux r\u00e9alit\u00e9s du march\u00e9 br\u00e9silien.<\/p><p><span style=\"font-weight: 400;\">Dans le domaine du conseil aupr\u00e8s des marques et des ateliers de confection br\u00e9siliens, Cl\u00e9mentine Paris intervient sur:<\/span><\/p><ul><li style=\"font-weight: 400;\" aria-level=\"1\"><b>le positionnement de marque en coh\u00e9rence avec le profil client,<\/b><\/li><li style=\"font-weight: 400;\" aria-level=\"1\">l\u2019analyse et la lecture strat\u00e9gique des tendances, <\/li><li style=\"font-weight: 400;\" aria-level=\"1\">l\u2019orientation cr\u00e9ative des futures collections dans les secteurs du pr\u00eat-\u00e0-porter, des accessoires et de la chaussure.<\/li><\/ul><div><p> <\/p><p>Notre r\u00f4le est clair : <b>traduire ce qui se profile en d\u00e9cisions concr\u00e8tes<\/b> \u2014 des achats justes, au bon moment, pour le bon public. Moins d&rsquo;intuition. Plus de strat\u00e9gie. La tendance comme outil de performance.   <\/p><p>Si votre marque cherche \u00e0 <b>anticiper les tendances avec m\u00e9thode<\/b>, \u00e0 structurer des collections plus coh\u00e9rentes avec le march\u00e9 et \u00e0 transformer les signaux culturels en <b>d\u00e9cisions strat\u00e9giques de produit<\/b>, Cl\u00e9mentine Paris peut agir comme votre partenaire de lecture et d&rsquo;orientation.<\/p><\/div><\/div><\/div><\/div>\t\t\t\t\t\t\t\t<\/div>\n\t\t\t\t<\/div>\n\t\t\t\t<\/div>\n\t\t\t\t<\/div>\n\t\t\t\t<\/div>\n\t\t\t\t<\/div>\n\t\t\t\t<\/div>\n\t\t","protected":false},"excerpt":{"rendered":"<p>Conseil Cl\u00e9mentine Paris est une agence de tendances et un centre de formation bas\u00e9 \u00e0 Paris, fond\u00e9 en 2020, sp\u00e9cialis\u00e9 dans la recherche de tendances de mode \/ coolhunting et dans la lecture strat\u00e9gique appliqu\u00e9e aux march\u00e9s de la mode et du luxe. \u00c0 dimension internationale, Cl\u00e9mentine Paris op\u00e8re \u00e0 l\u2019intersection de l\u2019analyse culturelle, des [&hellip;]<\/p>\n","protected":false},"author":1,"featured_media":0,"parent":0,"menu_order":0,"comment_status":"closed","ping_status":"closed","template":"","meta":{"footnotes":""},"class_list":["post-3086","page","type-page","status-publish","hentry"],"_links":{"self":[{"href":"https:\/\/clementineparis.net\/fr\/wp-json\/wp\/v2\/pages\/3086","targetHints":{"allow":["GET"]}}],"collection":[{"href":"https:\/\/clementineparis.net\/fr\/wp-json\/wp\/v2\/pages"}],"about":[{"href":"https:\/\/clementineparis.net\/fr\/wp-json\/wp\/v2\/types\/page"}],"author":[{"embeddable":true,"href":"https:\/\/clementineparis.net\/fr\/wp-json\/wp\/v2\/users\/1"}],"replies":[{"embeddable":true,"href":"https:\/\/clementineparis.net\/fr\/wp-json\/wp\/v2\/comments?post=3086"}],"version-history":[{"count":2,"href":"https:\/\/clementineparis.net\/fr\/wp-json\/wp\/v2\/pages\/3086\/revisions"}],"predecessor-version":[{"id":3270,"href":"https:\/\/clementineparis.net\/fr\/wp-json\/wp\/v2\/pages\/3086\/revisions\/3270"}],"wp:attachment":[{"href":"https:\/\/clementineparis.net\/fr\/wp-json\/wp\/v2\/media?parent=3086"}],"curies":[{"name":"wp","href":"https:\/\/api.w.org\/{rel}","templated":true}]}}