{"id":3084,"date":"2025-03-08T11:34:15","date_gmt":"2025-03-08T14:34:15","guid":{"rendered":"https:\/\/clementineparis.net\/shooting\/"},"modified":"2026-02-06T15:14:50","modified_gmt":"2026-02-06T18:14:50","slug":"shooting","status":"publish","type":"page","link":"https:\/\/clementineparis.net\/fr\/shooting\/","title":{"rendered":"Shooting"},"content":{"rendered":"\t\t<div data-elementor-type=\"wp-page\" data-elementor-id=\"3084\" class=\"elementor elementor-3084 elementor-1141\" data-elementor-post-type=\"page\">\n\t\t\t\t<div class=\"elementor-element elementor-element-1d3862ed e-con-full e-flex e-con e-parent\" data-id=\"1d3862ed\" data-element_type=\"container\" data-e-type=\"container\" data-settings=\"{&quot;background_background&quot;:&quot;classic&quot;}\">\n\t\t<div class=\"elementor-element elementor-element-fad7ba9 e-con-full e-flex e-con e-child\" data-id=\"fad7ba9\" data-element_type=\"container\" data-e-type=\"container\" data-settings=\"{&quot;background_background&quot;:&quot;classic&quot;}\">\n\t\t<div class=\"elementor-element elementor-element-617e8461 e-con-full e-flex e-con e-child\" data-id=\"617e8461\" data-element_type=\"container\" data-e-type=\"container\">\n\t\t<div class=\"elementor-element elementor-element-33b846c9 e-con-full e-flex e-con e-child\" data-id=\"33b846c9\" data-element_type=\"container\" data-e-type=\"container\">\n\t\t\t\t<div class=\"elementor-element elementor-element-61c35e3 elementor-widget elementor-widget-heading\" data-id=\"61c35e3\" data-element_type=\"widget\" data-e-type=\"widget\" data-widget_type=\"heading.default\">\n\t\t\t\t\t<h2 class=\"elementor-heading-title elementor-size-default\">Shooting<\/h2>\t\t\t\t<\/div>\n\t\t\t\t<\/div>\n\t\t<div class=\"elementor-element elementor-element-1dbf4132 e-con-full e-flex e-con e-child\" data-id=\"1dbf4132\" data-element_type=\"container\" data-e-type=\"container\">\n\t\t<div class=\"elementor-element elementor-element-5231fff6 e-con-full e-flex e-con e-child\" data-id=\"5231fff6\" data-element_type=\"container\" data-e-type=\"container\">\n\t\t\t\t<div class=\"elementor-element elementor-element-7511868 elementor-widget elementor-widget-heading\" data-id=\"7511868\" data-element_type=\"widget\" data-e-type=\"widget\" data-widget_type=\"heading.default\">\n\t\t\t\t\t<h3 class=\"elementor-heading-title elementor-size-default\">Direction Ex\u00e9cutive<\/h3>\t\t\t\t<\/div>\n\t\t\t\t<div class=\"elementor-element elementor-element-30fec39 elementor-widget elementor-widget-text-editor\" data-id=\"30fec39\" data-element_type=\"widget\" data-e-type=\"widget\" data-widget_type=\"text-editor.default\">\n\t\t\t\t\t\t\t\t\t<div class=\"elementor-element elementor-element-27a0f67d text-stroke-no wd--always--show elementor-widget elementor-widget-petextwrapper\" data-id=\"27a0f67d\" data-element_type=\"widget\" data-widget_type=\"petextwrapper.default\"><div class=\"elementor-widget-container\"><div class=\"text-wrapper\"><p class=\"text-h5 no-margin \">\u2013 Choix du lieu du shooting \u00e0 Paris (lieu int\u00e9rieur et\/ou ext\u00e9rieur)<\/p><\/div><\/div><\/div><div class=\"elementor-element elementor-element-35135578 text-stroke-no wd--always--show elementor-widget elementor-widget-petextwrapper\" data-id=\"35135578\" data-element_type=\"widget\" data-widget_type=\"petextwrapper.default\"><div class=\"elementor-widget-container\"><div class=\"text-wrapper\"><p class=\"text-p no-margin \">\u2013 Cr\u00e9ation du storytelling du shooting<br>\u2013 S\u00e9lection du ou des mannequin(s) et\/ou influenceur(s) pour la campagne<br>\u2013 Direction photographique : recommandation d\u2019un professionnel (photographe et\/ou vid\u00e9aste) en coh\u00e9rence avec l\u2019univers et le positionnement de la marque<\/p><\/div><\/div><\/div>\t\t\t\t\t\t\t\t<\/div>\n\t\t\t\t<\/div>\n\t\t<div class=\"elementor-element elementor-element-b3a704e e-con-full e-flex e-con e-child\" data-id=\"b3a704e\" data-element_type=\"container\" data-e-type=\"container\">\n\t\t\t\t<div class=\"elementor-element elementor-element-84bcbc9 elementor-widget elementor-widget-heading\" data-id=\"84bcbc9\" data-element_type=\"widget\" data-e-type=\"widget\" data-widget_type=\"heading.default\">\n\t\t\t\t\t<h3 class=\"elementor-heading-title elementor-size-default\">Direction Cr\u00e9ative<\/h3>\t\t\t\t<\/div>\n\t\t\t\t<div class=\"elementor-element elementor-element-2cf88eb elementor-widget elementor-widget-text-editor\" data-id=\"2cf88eb\" data-element_type=\"widget\" data-e-type=\"widget\" data-widget_type=\"text-editor.default\">\n\t\t\t\t\t\t\t\t\t<div class=\"elementor-element elementor-element-7e7de1df text-stroke-no wd--always--show elementor-widget elementor-widget-petextwrapper\" data-id=\"7e7de1df\" data-element_type=\"widget\" data-widget_type=\"petextwrapper.default\"><div class=\"elementor-widget-container\"><div class=\"text-wrapper\"><p class=\"text-h5 no-margin \">Pilotage du shooting par l\u2019agence de tendances Cl\u00e9mentine Paris selon une approche cr\u00e9ative et conceptuelle, de type \u00ab Editorial \u00bb, mettant en valeur vos pi\u00e8ces ainsi que Paris, en parfaite ad\u00e9quation avec l\u2019ADN de votre marque.<br>Cl\u00e9mentine Paris a d\u00e9j\u00e0 assur\u00e9 la direction cr\u00e9ative et ex\u00e9cutive \u00e0 Paris pour plusieurs marques br\u00e9siliennes et magazines de mode, notamment Vogue Brasil, \u00e0 l\u2019occasion d\u2019un shooting pour Louis Vuitton (avril 2023).<\/p><\/div><\/div><\/div>\t\t\t\t\t\t\t\t<\/div>\n\t\t\t\t<\/div>\n\t\t\t\t<\/div>\n\t\t<div class=\"elementor-element elementor-element-3ee537b2 e-con-full e-flex e-con e-child\" data-id=\"3ee537b2\" data-element_type=\"container\" data-e-type=\"container\">\n\t\t\t\t<div class=\"elementor-element elementor-element-4177dc6 elementor-widget elementor-widget-heading\" data-id=\"4177dc6\" data-element_type=\"widget\" data-e-type=\"widget\" data-widget_type=\"heading.default\">\n\t\t\t\t\t<h3 class=\"elementor-heading-title elementor-size-default\">Shooting Cl\u00e9mentine Paris pour Louis Vuitton - Vogue Brasil \/ Avril 2023<\/h3>\t\t\t\t<\/div>\n\t\t\t\t<\/div>\n\t\t<div class=\"elementor-element elementor-element-732b10db e-con-full e-flex e-con e-child\" data-id=\"732b10db\" data-element_type=\"container\" data-e-type=\"container\">\n\t\t\t\t<div class=\"elementor-element elementor-element-0b6f8a6 elementor-widget elementor-widget-image\" data-id=\"0b6f8a6\" data-element_type=\"widget\" data-e-type=\"widget\" data-widget_type=\"image.default\">\n\t\t\t\t\t\t\t\t\t\t\t\t\t\t\t<img decoding=\"async\" src=\"https:\/\/clementineparis.eu\/wp-content\/uploads\/2025\/03\/Direcao-creativa-01.jpg\" title=\"\" alt=\"\" loading=\"lazy\" \/>\t\t\t\t\t\t\t\t\t\t\t\t\t\t\t<\/div>\n\t\t\t\t<div class=\"elementor-element elementor-element-32340a7 elementor-widget elementor-widget-image\" data-id=\"32340a7\" data-element_type=\"widget\" data-e-type=\"widget\" data-widget_type=\"image.default\">\n\t\t\t\t\t\t\t\t\t\t\t\t\t\t\t<img decoding=\"async\" src=\"https:\/\/clementineparis.eu\/wp-content\/uploads\/2025\/03\/Direcao-creativa-02.png\" title=\"\" alt=\"\" loading=\"lazy\" \/>\t\t\t\t\t\t\t\t\t\t\t\t\t\t\t<\/div>\n\t\t\t\t<div class=\"elementor-element elementor-element-4f3c0cc elementor-widget elementor-widget-image\" data-id=\"4f3c0cc\" data-element_type=\"widget\" data-e-type=\"widget\" data-widget_type=\"image.default\">\n\t\t\t\t\t\t\t\t\t\t\t\t\t\t\t<img decoding=\"async\" src=\"https:\/\/clementineparis.eu\/wp-content\/uploads\/2025\/03\/Direcao-creativa-03.png\" title=\"\" alt=\"\" loading=\"lazy\" \/>\t\t\t\t\t\t\t\t\t\t\t\t\t\t\t<\/div>\n\t\t\t\t<\/div>\n\t\t\t\t<\/div>\n\t\t\t\t<\/div>\n\t\t\t\t<\/div>\n\t\t\t\t<\/div>\n\t\t","protected":false},"excerpt":{"rendered":"<p>Shooting Direction Ex\u00e9cutive \u2013 Choix du lieu du shooting \u00e0 Paris (lieu int\u00e9rieur et\/ou ext\u00e9rieur) \u2013 Cr\u00e9ation du storytelling du shooting\u2013 S\u00e9lection du ou des mannequin(s) et\/ou influenceur(s) pour la campagne\u2013 Direction photographique : recommandation d\u2019un professionnel (photographe et\/ou vid\u00e9aste) en coh\u00e9rence avec l\u2019univers et le positionnement de la marque Direction Cr\u00e9ative Pilotage du shooting [&hellip;]<\/p>\n","protected":false},"author":1,"featured_media":0,"parent":0,"menu_order":0,"comment_status":"closed","ping_status":"closed","template":"","meta":{"footnotes":""},"class_list":["post-3084","page","type-page","status-publish","hentry"],"_links":{"self":[{"href":"https:\/\/clementineparis.net\/fr\/wp-json\/wp\/v2\/pages\/3084","targetHints":{"allow":["GET"]}}],"collection":[{"href":"https:\/\/clementineparis.net\/fr\/wp-json\/wp\/v2\/pages"}],"about":[{"href":"https:\/\/clementineparis.net\/fr\/wp-json\/wp\/v2\/types\/page"}],"author":[{"embeddable":true,"href":"https:\/\/clementineparis.net\/fr\/wp-json\/wp\/v2\/users\/1"}],"replies":[{"embeddable":true,"href":"https:\/\/clementineparis.net\/fr\/wp-json\/wp\/v2\/comments?post=3084"}],"version-history":[{"count":1,"href":"https:\/\/clementineparis.net\/fr\/wp-json\/wp\/v2\/pages\/3084\/revisions"}],"predecessor-version":[{"id":3085,"href":"https:\/\/clementineparis.net\/fr\/wp-json\/wp\/v2\/pages\/3084\/revisions\/3085"}],"wp:attachment":[{"href":"https:\/\/clementineparis.net\/fr\/wp-json\/wp\/v2\/media?parent=3084"}],"curies":[{"name":"wp","href":"https:\/\/api.w.org\/{rel}","templated":true}]}}